{"id":250,"date":"2019-08-30T02:00:43","date_gmt":"2019-08-29T18:00:43","guid":{"rendered":"https:\/\/felisas-guesthouse.com\/?page_id=250"},"modified":"2022-11-06T20:48:32","modified_gmt":"2022-11-06T12:48:32","slug":"our-gardenhouse","status":"publish","type":"page","link":"https:\/\/felisas-guesthouse.com\/de\/our-gardenhouse","title":{"rendered":"Unser Gartenhaus"},"content":{"rendered":"ngg_shortcode_0_placeholder\n\n\n\n<p><strong>Unser Gartenhaus<\/strong><\/p>\n<p><span class=\"_fgdupie\">Felisas Gartenhaus wurde 2019 erbaut und ist Teil von Felisas G\u00e4stehaus<\/span><\/p>\n<p>Das Gartenhaus can einzeln oder gemeinsam mit dem G\u00e4stehaus gemietet werden.<\/p>\n<p class=\"translation-block\">Unser<span class=\"_fgdupie\"> privater Swimming Pool l\u00e4dt Euchzum Entspannen ein, und wenn Ihr m\u00fcde seit, k\u00f6nnt Ihr Euch in den klimatisierten R\u00e4umen abk\u00fchlen.<\/span><\/p>\n<p><span class=\"_fgdupie\">Das G\u00e4stehaus hat eine Grundfl\u00e4che von etwa 60 Quadratmetern und eine maximale Kapazit\u00e4t von 5 G\u00e4sten.<\/span><\/p>\n<p>Zusammen mit unserem Gartenhaus k\u00f6nnen wir 12 G\u00e4ste beherbergen (7 im G\u00e4stehaus und 5 weitere in unserem Gartenhaus).&nbsp;<\/p>\n<p><span class=\"_fgdupie\">Wir wohnen auf dem gleichen Grundst\u00fcck und geben Dir gerne Tipps f\u00fcr Deine W\u00fcnsche und Vorhaben!<\/span><\/p>\n\n\n\n<p><strong>Standort<\/strong><\/p>\n\n\n\n<p>Felisas G\u00e4stehaus und das Gartenhaus befindet sich in einem Wohngebiet (Ma-a) in der N\u00e4he des Zentrums von Davao City. Mehrere interessante Einrichtungen sind nur eine kurze Jeepney- oder Taxifahrt entfernt. Jollibee und Dunkin Donuts sind z.B. nur 200 Meter entfernt.<\/p>\n\n\n\n<p class=\"translation-block\"><span class=\"_fgdupie\">Die genaue Anschrift unseres G\u00e4stehauses ist:\u00a0<br><\/span>#36 Vermilion Street<br>Spring Village, Ma-a<br>8000 Davao City<br>Davao del Sur<br>Philippines<\/p>\n\n\n\n<p class=\"translation-block\">Wenn Du den Ort vor der Buchung sehen m\u00f6chtest,  <a href=\"https:\/\/felisas-guesthouse.com\/de\/kontaktiere\/\">kontaktiere<\/a> uns bitte vorher.\u00a0<\/p>\n\n\n\n<div>\n<div class=\"_x01z5ll\">\n<div>\n<div><strong>G\u00e4stezimmer<\/strong><\/div>\n<\/div>\n<\/div>\n<\/div>\n<div>&nbsp;<\/div>\n<div>Das Hauptschlafzimmer im oberen Stock hat ein Queensize-Bett (200 x 152 cm). Die Grundfl\u00e4che betr\u00e4gt etwa 12 m\u00b2.<\/div>\n<div>&nbsp;<\/div>\n<div>Das zweite Schlafzimmer befindet sich im ersten Stock. Es hat ein Einzelbett und ein Stockbett. Die Grundfl\u00e4che betr\u00e4gt etwa 12 m\u00b2.<\/div>\n<div>&nbsp;<\/div>\n<div>Beide Schlafzimmer im Gartenhaus haben eine aufgeteilte Klimaanlage und jeweils ein eigenes Bad mit WC und Dusche.&nbsp;<\/div>\n<div>&nbsp;<\/div>\n\n\n\n<div class=\"_1n57hdr7\"><strong>G\u00e4stebereich<\/strong><\/div>\n<div>&nbsp;<\/div>\n<div class=\"_1n57hdr7\">Alle R\u00e4ume des Gartenhauses k\u00f6nnen exklusiv genutzt werden. Dazu geh\u00f6ren eine eigene K\u00fcche sowie der Ess- und Wohnbereich und die beiden Schlafzimmer mit den beiden Badezimmern.&nbsp;<\/div>\n<div>&nbsp;<\/div>\n<div>\n<div dir=\"ltr\">\n<p class=\"_6z3til\"><span class=\"_fgdupie\">Der private Swimming Pool im Garten kann nur von unseren G\u00e4sten, die im G\u00e4stehaus und im Gartenhaus wohnen, und von uns genutzt werden. Der Pool ist f\u00fcr andere G\u00e4ste von au\u00dfen nicht zug\u00e4nglich.<\/span><\/p>\n<\/div>\n<\/div>\n\n\n\n<div class=\"_1n57hdr7\"><strong>Interaktion mit den G\u00e4sten<\/strong><\/div>\n<div>&nbsp;<\/div>\n<div class=\"_1n57hdr7\">Wir sind f\u00fcr Dich da, wenn Du Fragen hast oder etwas brauchst. Wenn du ein Fr\u00fchst\u00fcck zubereitet haben m\u00f6chtest oder Hilfe bei der W\u00e4sche brauchst, sag uns bitte vorher Bescheid.<\/div>\n<div>&nbsp;<\/div>\n<div class=\"translation-block\">Wir bieten auch <a href=\"https:\/\/felisas-guesthouse.com\/de\/catering\/\" target=\"_self\">Catering<\/a> f\u00fcr Eure kleinen privaten Feiern w\u00e4hrend Eures Aufenthalts bei uns an.\u00a0<\/div>\n<div>&nbsp;<\/div>\n\n\n\n<div class=\"_1n57hdr7\"><strong>Weitere Hinweise<\/strong><\/div>\n<div>&nbsp;<\/div>\n<div class=\"_1n57hdr7\">Bitte beachtet, dass das Gartenhaus nur f\u00fcr maximal 5 Personen ausgelegt ist.&nbsp;<\/div>\n<div>&nbsp;<\/div>\n<div>Zusammen mit dem G\u00e4stehaus k\u00f6nnen wir bis zu 12 G\u00e4ste beherbergen (7 im G\u00e4stehaus und 5 im Gartenhaus).&nbsp;<\/div>\n<div>&nbsp;<\/div>\n<div>\n<div>\n<div dir=\"ltr\">\n<p class=\"_6z3til\"><span class=\"_fgdupie\">Kinder unter 6 Jahren k\u00f6nnen kostenlos in unserem Gartenhaus \u00fcbernachten (ohne Zustellbett).<\/span><\/p>\n<p class=\"_6z3til\"><span class=\"_fgdupie\"> Kinder im Alter von 6 Jahren und \u00e4lter werden bei der maximalen Anzahl der G\u00e4ste ber\u00fccksichtigt.&nbsp;<\/span><\/p>\n<p><span class=\"_fgdupie\">Der Mindestaufenthalt in unserem Gartenhaus betr\u00e4gt zwei N\u00e4chte (in der Hochsaison kann es Ausnahmen geben).<\/span><\/p>\n<\/div>\n<\/div>\n<\/div>\n\n\n\n<p><a href=\"https:\/\/www.airbnb.com\/rooms\/37967370?s=67&amp;unique_share_id=0841c1c4-217e-4c86-bd6e-93888722d3cb\" target=\"_blank\" rel=\"noopener noreferrer\">Buche das Gartenhaus jetzt online \u00fcber AirBnB<\/a><\/p>\n\n\n\n<p class=\"translation-block\">Du kannst auch direkt \u00fcber unser\u00a0<a href=\"https:\/\/felisas-guesthouse.com\/de\/kontaktiere\/\" target=\"_self\">Kontaktformular<\/a>\u00a0buchen.<\/p>\n\n\n\n<p>Wenn du beide H\u00e4user auf AirBnB buchen und mit einer Gruppe von bis zu 12 G\u00e4sten \u00fcbernachten m\u00f6chtest, kannst du das hier tun:<\/p>\n<p><a style=\"pointer-events: none;\" tabindex=\"-1\" href=\"https:\/\/www.airbnb.com\/rooms\/37969234?s=67&amp;unique_share_id=21b68047-329a-409a-9bfd-971cf0ef652d\" target=\"_blank\" rel=\"noopener noreferrer\">Beide H\u00e4user \u00fcber AirBnB buchen (G\u00e4stehaus und Gartenhaus)<\/a><\/p>\n\n\n\n<h4 class=\"translation-block\">Wenn du direkt buchen m\u00f6chtest und Hilfe ben\u00f6tigst, kontaktiere <a href=\"https:\/\/felisas-guesthouse.com\/de\/kontaktiere\/\" target=\"_self\">uns<\/a> bitte.<\/h4>","protected":false},"excerpt":{"rendered":"<p>Location Felisa\u2019s Guesthouse and Garden house are located in a residential subdivision (Ma-a) near the heart of Davao City. Several interesting places are only a short jeepney or taxi-drive away. &hellip; <\/p>\n<p class=\"link-more\"><a href=\"https:\/\/felisas-guesthouse.com\/de\/our-gardenhouse\" class=\"more-link\"><span class=\"screen-reader-text\">\u201eOur Garden house\u201c <\/span>weiterlesen<\/a><\/p>","protected":false},"author":1,"featured_media":0,"parent":0,"menu_order":0,"comment_status":"closed","ping_status":"closed","template":"","meta":{"_monsterinsights_skip_tracking":false,"_monsterinsights_sitenote_active":false,"_monsterinsights_sitenote_note":"","_monsterinsights_sitenote_category":0,"ngg_post_thumbnail":0,"footnotes":""},"class_list":["post-250","page","type-page","status-publish","hentry"],"yoast_head":"<!-- This site is optimized with the Yoast SEO plugin v27.5 - https:\/\/yoast.com\/product\/yoast-seo-wordpress\/ -->\n<title>Our Garden house - Felisa&#039;s Guesthouse<\/title>\n<meta name=\"robots\" content=\"index, follow, max-snippet:-1, max-image-preview:large, max-video-preview:-1\" \/>\n<link rel=\"canonical\" href=\"https:\/\/felisas-guesthouse.com\/de\/our-gardenhouse\" \/>\n<meta property=\"og:locale\" content=\"de_DE\" \/>\n<meta property=\"og:type\" content=\"article\" \/>\n<meta property=\"og:title\" content=\"Our Garden house - Felisa&#039;s Guesthouse\" \/>\n<meta property=\"og:description\" content=\"Location Felisa\u2019s Guesthouse and Garden house are located in a residential subdivision (Ma-a) near the heart of Davao City. Several interesting places are only a short jeepney or taxi-drive away. &hellip; \u201eOur Garden house\u201c weiterlesen\" \/>\n<meta property=\"og:url\" content=\"https:\/\/felisas-guesthouse.com\/de\/our-gardenhouse\" \/>\n<meta property=\"og:site_name\" content=\"Felisa&#039;s Guesthouse\" \/>\n<meta property=\"article:publisher\" content=\"https:\/\/www.facebook.com\/felisasguesthouse\" \/>\n<meta property=\"article:modified_time\" content=\"2022-11-06T12:48:32+00:00\" \/>\n<meta name=\"twitter:card\" content=\"summary_large_image\" \/>\n<meta name=\"twitter:label1\" content=\"Gesch\u00e4tzte Lesezeit\" \/>\n\t<meta name=\"twitter:data1\" content=\"3\u00a0Minuten\" \/>\n<script type=\"application\/ld+json\" class=\"yoast-schema-graph\">{\"@context\":\"https:\\\/\\\/schema.org\",\"@graph\":[{\"@type\":\"WebPage\",\"@id\":\"https:\\\/\\\/felisas-guesthouse.com\\\/our-gardenhouse\",\"url\":\"https:\\\/\\\/felisas-guesthouse.com\\\/our-gardenhouse\",\"name\":\"Our Garden house - Felisa&#039;s Guesthouse\",\"isPartOf\":{\"@id\":\"https:\\\/\\\/felisas-guesthouse.com\\\/#website\"},\"datePublished\":\"2019-08-29T18:00:43+00:00\",\"dateModified\":\"2022-11-06T12:48:32+00:00\",\"breadcrumb\":{\"@id\":\"https:\\\/\\\/felisas-guesthouse.com\\\/our-gardenhouse#breadcrumb\"},\"inLanguage\":\"de\",\"potentialAction\":[{\"@type\":\"ReadAction\",\"target\":[\"https:\\\/\\\/felisas-guesthouse.com\\\/our-gardenhouse\"]}]},{\"@type\":\"BreadcrumbList\",\"@id\":\"https:\\\/\\\/felisas-guesthouse.com\\\/our-gardenhouse#breadcrumb\",\"itemListElement\":[{\"@type\":\"ListItem\",\"position\":1,\"name\":\"Home\",\"item\":\"https:\\\/\\\/felisas-guesthouse.com\\\/\"},{\"@type\":\"ListItem\",\"position\":2,\"name\":\"Our Garden house\"}]},{\"@type\":\"WebSite\",\"@id\":\"https:\\\/\\\/felisas-guesthouse.com\\\/#website\",\"url\":\"https:\\\/\\\/felisas-guesthouse.com\\\/\",\"name\":\"Felisa's Guesthouse\",\"description\":\"Enjoy, relax and have fun in Davao City\",\"publisher\":{\"@id\":\"https:\\\/\\\/felisas-guesthouse.com\\\/#organization\"},\"potentialAction\":[{\"@type\":\"SearchAction\",\"target\":{\"@type\":\"EntryPoint\",\"urlTemplate\":\"https:\\\/\\\/felisas-guesthouse.com\\\/?s={search_term_string}\"},\"query-input\":{\"@type\":\"PropertyValueSpecification\",\"valueRequired\":true,\"valueName\":\"search_term_string\"}}],\"inLanguage\":\"de\"},{\"@type\":\"Organization\",\"@id\":\"https:\\\/\\\/felisas-guesthouse.com\\\/#organization\",\"name\":\"Felisa's Guesthouse\",\"url\":\"https:\\\/\\\/felisas-guesthouse.com\\\/\",\"logo\":{\"@type\":\"ImageObject\",\"inLanguage\":\"de\",\"@id\":\"https:\\\/\\\/felisas-guesthouse.com\\\/#\\\/schema\\\/logo\\\/image\\\/\",\"url\":\"https:\\\/\\\/felisas-guesthouse.com\\\/wp-content\\\/uploads\\\/2018\\\/11\\\/logo-felisa-guesthouse.png\",\"contentUrl\":\"https:\\\/\\\/felisas-guesthouse.com\\\/wp-content\\\/uploads\\\/2018\\\/11\\\/logo-felisa-guesthouse.png\",\"width\":780,\"height\":780,\"caption\":\"Felisa's Guesthouse\"},\"image\":{\"@id\":\"https:\\\/\\\/felisas-guesthouse.com\\\/#\\\/schema\\\/logo\\\/image\\\/\"},\"sameAs\":[\"https:\\\/\\\/www.facebook.com\\\/felisasguesthouse\",\"https:\\\/\\\/www.instagram.com\\\/felisas_guesthouse\\\/\",\"https:\\\/\\\/www.youtube.com\\\/channel\\\/UCbjctj-HVTdUBXijh6xzJpg\"]}]}<\/script>\n<!-- \/ Yoast SEO plugin. -->","yoast_head_json":{"title":"Our Garden house - Felisa&#039;s Guesthouse","robots":{"index":"index","follow":"follow","max-snippet":"max-snippet:-1","max-image-preview":"max-image-preview:large","max-video-preview":"max-video-preview:-1"},"canonical":"https:\/\/felisas-guesthouse.com\/de\/our-gardenhouse","og_locale":"de_DE","og_type":"article","og_title":"Our Garden house - Felisa&#039;s Guesthouse","og_description":"Location Felisa\u2019s Guesthouse and Garden house are located in a residential subdivision (Ma-a) near the heart of Davao City. Several interesting places are only a short jeepney or taxi-drive away. &hellip; \u201eOur Garden house\u201c weiterlesen","og_url":"https:\/\/felisas-guesthouse.com\/de\/our-gardenhouse","og_site_name":"Felisa&#039;s Guesthouse","article_publisher":"https:\/\/www.facebook.com\/felisasguesthouse","article_modified_time":"2022-11-06T12:48:32+00:00","twitter_card":"summary_large_image","twitter_misc":{"Gesch\u00e4tzte Lesezeit":"3\u00a0Minuten"},"schema":{"@context":"https:\/\/schema.org","@graph":[{"@type":"WebPage","@id":"https:\/\/felisas-guesthouse.com\/our-gardenhouse","url":"https:\/\/felisas-guesthouse.com\/our-gardenhouse","name":"Our Garden house - Felisa&#039;s Guesthouse","isPartOf":{"@id":"https:\/\/felisas-guesthouse.com\/#website"},"datePublished":"2019-08-29T18:00:43+00:00","dateModified":"2022-11-06T12:48:32+00:00","breadcrumb":{"@id":"https:\/\/felisas-guesthouse.com\/our-gardenhouse#breadcrumb"},"inLanguage":"de","potentialAction":[{"@type":"ReadAction","target":["https:\/\/felisas-guesthouse.com\/our-gardenhouse"]}]},{"@type":"BreadcrumbList","@id":"https:\/\/felisas-guesthouse.com\/our-gardenhouse#breadcrumb","itemListElement":[{"@type":"ListItem","position":1,"name":"Home","item":"https:\/\/felisas-guesthouse.com\/"},{"@type":"ListItem","position":2,"name":"Our Garden house"}]},{"@type":"WebSite","@id":"https:\/\/felisas-guesthouse.com\/#website","url":"https:\/\/felisas-guesthouse.com\/","name":"Felisa's Guesthouse","description":"Enjoy, relax and have fun in Davao City","publisher":{"@id":"https:\/\/felisas-guesthouse.com\/#organization"},"potentialAction":[{"@type":"SearchAction","target":{"@type":"EntryPoint","urlTemplate":"https:\/\/felisas-guesthouse.com\/?s={search_term_string}"},"query-input":{"@type":"PropertyValueSpecification","valueRequired":true,"valueName":"search_term_string"}}],"inLanguage":"de"},{"@type":"Organization","@id":"https:\/\/felisas-guesthouse.com\/#organization","name":"Felisa's Guesthouse","url":"https:\/\/felisas-guesthouse.com\/","logo":{"@type":"ImageObject","inLanguage":"de","@id":"https:\/\/felisas-guesthouse.com\/#\/schema\/logo\/image\/","url":"https:\/\/felisas-guesthouse.com\/wp-content\/uploads\/2018\/11\/logo-felisa-guesthouse.png","contentUrl":"https:\/\/felisas-guesthouse.com\/wp-content\/uploads\/2018\/11\/logo-felisa-guesthouse.png","width":780,"height":780,"caption":"Felisa's Guesthouse"},"image":{"@id":"https:\/\/felisas-guesthouse.com\/#\/schema\/logo\/image\/"},"sameAs":["https:\/\/www.facebook.com\/felisasguesthouse","https:\/\/www.instagram.com\/felisas_guesthouse\/","https:\/\/www.youtube.com\/channel\/UCbjctj-HVTdUBXijh6xzJpg"]}]}},"_links":{"self":[{"href":"https:\/\/felisas-guesthouse.com\/de\/wp-json\/wp\/v2\/pages\/250","targetHints":{"allow":["GET"]}}],"collection":[{"href":"https:\/\/felisas-guesthouse.com\/de\/wp-json\/wp\/v2\/pages"}],"about":[{"href":"https:\/\/felisas-guesthouse.com\/de\/wp-json\/wp\/v2\/types\/page"}],"author":[{"embeddable":true,"href":"https:\/\/felisas-guesthouse.com\/de\/wp-json\/wp\/v2\/users\/1"}],"replies":[{"embeddable":true,"href":"https:\/\/felisas-guesthouse.com\/de\/wp-json\/wp\/v2\/comments?post=250"}],"version-history":[{"count":20,"href":"https:\/\/felisas-guesthouse.com\/de\/wp-json\/wp\/v2\/pages\/250\/revisions"}],"predecessor-version":[{"id":632,"href":"https:\/\/felisas-guesthouse.com\/de\/wp-json\/wp\/v2\/pages\/250\/revisions\/632"}],"wp:attachment":[{"href":"https:\/\/felisas-guesthouse.com\/de\/wp-json\/wp\/v2\/media?parent=250"}],"curies":[{"name":"wp","href":"https:\/\/api.w.org\/{rel}","templated":true}]}}