{"id":3,"date":"2018-11-13T15:59:01","date_gmt":"2018-11-13T15:59:01","guid":{"rendered":"http:\/\/felisasguesthouse.live-website.com\/?page_id=3"},"modified":"2018-11-16T00:38:13","modified_gmt":"2018-11-15T16:38:13","slug":"privacy-policy","status":"publish","type":"page","link":"https:\/\/felisas-guesthouse.com\/de\/privacy-policy","title":{"rendered":"Datenschutz"},"content":{"rendered":"<h2>Welche pers\u00f6nlichen Daten wir erheben und warum wir das tun<\/h2>\n<h3>Kontaktformulare<\/h3>\n<p>Daten, die Du in unser Kontaktformular eingibst, werden per E-Mail an uns gesendet.&nbsp;<\/p>\n<h3>Cookies<\/h3>\n<p>Wenn Du einen Kommentar auf unserer Website hinterl\u00e4sst, kannst Du zustimmen, dass dein Name, deine E-Mail-Adresse und deine Website in Cookies gespeichert werden. Diese dienen Deinem Komfort, damit Du Deine Daten nicht erneut eingeben musst, wenn du einen weiteren Kommentar hinterl\u00e4sst. Diese Cookies sind ein Jahr lang g\u00fcltig.<\/p>\n<p>Wenn Du ein Konto hast und Dich auf dieser Seite einloggst, setzen wir ein tempor\u00e4res Cookie, um festzustellen, ob dein Browser Cookies akzeptiert. Dieses Cookie enth\u00e4lt keine pers\u00f6nlichen Daten und wird verworfen, wenn Du deinen Browser schlie\u00dft.<\/p>\n<p>Wenn Du Dich anmeldest, setzen wir au\u00dferdem mehrere Cookies, um Deine Anmeldeinformationen und Deine Bildschirmauswahl zu speichern. Die Anmelde-Cookies bleiben zwei Tage lang gespeichert, die Cookies f\u00fcr die Bildschirmoptionen ein Jahr lang. Wenn du \"Remember Me\" ausw\u00e4hlst, bleibt dein Login zwei Wochen lang erhalten. Wenn Du Dich von deinem Konto abmeldest, werden die Anmelde-Cookies gel\u00f6scht.<\/p>\n<p>Wenn Du einen Artikel bearbeitest oder ver\u00f6ffentlichst, wird ein zus\u00e4tzliches Cookie in Deinem Browser gespeichert. Dieses Cookie enth\u00e4lt keine pers\u00f6nlichen Daten und zeigt lediglich die Post-ID des Artikels an, den Du gerade bearbeitet hast. Er l\u00e4uft nach 1 Tag ab.<\/p>\n<h3>Eingebundene Inhalte von anderen Webseiten<\/h3>\n<p>Die Artikel auf dieser Website k\u00f6nnen eingebettete Inhalte enthalten (z. B. Videos, Bilder, Artikel usw.). Eingebettete Inhalte von anderen Websites verhalten sich genau so, als ob der Besucher die andere Website besucht h\u00e4tte.<\/p>\n<p>Diese Websites k\u00f6nnen Daten \u00fcber Dich sammeln, Cookies verwenden, zus\u00e4tzliche Trackingfunktionen von Drittanbietern einbetten und Deine Interaktion mit diesen eingebetteten Inhalten \u00fcberwachen, einschlie\u00dflich der Verfolgung Deiner Interaktion mit den eingebetteten Inhalten, wenn Du ein Konto hast und auf dieser Website eingeloggt bist.<\/p>\n<h2>Wie lange wir Deine Daten aufbewahren<\/h2>\n<p>Wenn Du einen Kommentar hinterl\u00e4sst, werden der Kommentar und seine Metadaten auf unbestimmte Zeit gespeichert. So k\u00f6nnen wir Folgekommentare automatisch erkennen und genehmigen, anstatt sie in einer Moderationswarteschlange zu halten.<\/p>\n<p>F\u00fcr Nutzer\/innen, die sich auf unserer Website registrieren (falls vorhanden), speichern wir auch die pers\u00f6nlichen Daten, die sie in ihrem Nutzerprofil angeben. Alle Nutzer\/innen k\u00f6nnen ihre pers\u00f6nlichen Daten jederzeit einsehen, bearbeiten oder l\u00f6schen (au\u00dfer sie k\u00f6nnen ihren Benutzernamen nicht \u00e4ndern). Auch die Administratoren der Website k\u00f6nnen diese Informationen einsehen und bearbeiten.<\/p>\n<h2>Welche Rechte Du bez\u00fcglich Deiner Daten hast<\/h2>\n<p>Wenn Du ein Konto auf dieser Website hast oder Kommentare hinterlassen hast, kannst Du eine exportierte Datei der personenbezogenen Daten anfordern, die wir \u00fcber Dich gespeichert haben, einschlie\u00dflich aller Daten, die Du uns zur Verf\u00fcgung gestellt hast. Du kannst auch verlangen, dass wir alle personenbezogenen Daten, die wir \u00fcber Dich gespeichert haben, l\u00f6schen. Davon ausgenommen sind Daten, die wir aus verwaltungstechnischen, rechtlichen oder sicherheitsrelevanten Gr\u00fcnden aufbewahren m\u00fcssen.<\/p>\n<h2>Wohin wir deine Daten \u00fcbermitteln<\/h2>\n<p>Besucherkommentare k\u00f6nnen durch einen automatischen Spam-Erkennungsdienst \u00fcberpr\u00fcft werden.<\/p>\n<h2>Konto-Informationen<\/h2>\n<p>Felisa&#8217;s Guesthouse<br \/>\n#36 Vermilion Street<br \/>\nSpring Village, Ma-a<br \/>\n8000 Davao City<br \/>\nPhilippines<br \/>\n<a href=\"javascript:DeCryptX('0f3h1m0i2u0a3C0m242w1t312f2g')\">E-Mail<\/a><\/p>\n<p>&nbsp;<\/p>","protected":false},"excerpt":{"rendered":"<p>What personal data we collect and why we collect it Contact forms Data you enter in our contact form are sent to us through E-Mail.&nbsp; Cookies If you leave a &hellip; <\/p>\n<p class=\"link-more\"><a href=\"https:\/\/felisas-guesthouse.com\/de\/privacy-policy\" class=\"more-link\"><span class=\"screen-reader-text\">\u201ePrivacy Policy\u201c <\/span>weiterlesen<\/a><\/p>","protected":false},"author":1,"featured_media":0,"parent":0,"menu_order":0,"comment_status":"closed","ping_status":"open","template":"","meta":{"_monsterinsights_skip_tracking":false,"_monsterinsights_sitenote_active":false,"_monsterinsights_sitenote_note":"","_monsterinsights_sitenote_category":0,"ngg_post_thumbnail":0,"footnotes":""},"class_list":["post-3","page","type-page","status-publish","hentry"],"yoast_head":"<!-- This site is optimized with the Yoast SEO plugin v27.5 - https:\/\/yoast.com\/product\/yoast-seo-wordpress\/ -->\n<title>Privacy Policy - Felisa&#039;s Guesthouse<\/title>\n<meta name=\"robots\" content=\"index, follow, max-snippet:-1, max-image-preview:large, max-video-preview:-1\" \/>\n<link rel=\"canonical\" href=\"https:\/\/felisas-guesthouse.com\/de\/privacy-policy\" \/>\n<meta property=\"og:locale\" content=\"de_DE\" \/>\n<meta property=\"og:type\" content=\"article\" \/>\n<meta property=\"og:title\" content=\"Privacy Policy - Felisa&#039;s Guesthouse\" \/>\n<meta property=\"og:description\" content=\"What personal data we collect and why we collect it Contact forms Data you enter in our contact form are sent to us through E-Mail.&nbsp; Cookies If you leave a &hellip; \u201ePrivacy Policy\u201c weiterlesen\" \/>\n<meta property=\"og:url\" content=\"https:\/\/felisas-guesthouse.com\/de\/privacy-policy\" \/>\n<meta property=\"og:site_name\" content=\"Felisa&#039;s Guesthouse\" \/>\n<meta property=\"article:publisher\" content=\"https:\/\/www.facebook.com\/felisasguesthouse\" \/>\n<meta property=\"article:modified_time\" content=\"2018-11-15T16:38:13+00:00\" \/>\n<meta name=\"twitter:card\" content=\"summary_large_image\" \/>\n<meta name=\"twitter:label1\" content=\"Gesch\u00e4tzte Lesezeit\" \/>\n\t<meta name=\"twitter:data1\" content=\"2\u00a0Minuten\" \/>\n<script type=\"application\/ld+json\" class=\"yoast-schema-graph\">{\"@context\":\"https:\\\/\\\/schema.org\",\"@graph\":[{\"@type\":\"WebPage\",\"@id\":\"https:\\\/\\\/felisas-guesthouse.com\\\/privacy-policy\",\"url\":\"https:\\\/\\\/felisas-guesthouse.com\\\/privacy-policy\",\"name\":\"Privacy Policy - Felisa&#039;s Guesthouse\",\"isPartOf\":{\"@id\":\"https:\\\/\\\/felisas-guesthouse.com\\\/#website\"},\"datePublished\":\"2018-11-13T15:59:01+00:00\",\"dateModified\":\"2018-11-15T16:38:13+00:00\",\"breadcrumb\":{\"@id\":\"https:\\\/\\\/felisas-guesthouse.com\\\/privacy-policy#breadcrumb\"},\"inLanguage\":\"de\",\"potentialAction\":[{\"@type\":\"ReadAction\",\"target\":[\"https:\\\/\\\/felisas-guesthouse.com\\\/privacy-policy\"]}]},{\"@type\":\"BreadcrumbList\",\"@id\":\"https:\\\/\\\/felisas-guesthouse.com\\\/privacy-policy#breadcrumb\",\"itemListElement\":[{\"@type\":\"ListItem\",\"position\":1,\"name\":\"Home\",\"item\":\"https:\\\/\\\/felisas-guesthouse.com\\\/\"},{\"@type\":\"ListItem\",\"position\":2,\"name\":\"Privacy Policy\"}]},{\"@type\":\"WebSite\",\"@id\":\"https:\\\/\\\/felisas-guesthouse.com\\\/#website\",\"url\":\"https:\\\/\\\/felisas-guesthouse.com\\\/\",\"name\":\"Felisa's Guesthouse\",\"description\":\"Enjoy, relax and have fun in Davao City\",\"publisher\":{\"@id\":\"https:\\\/\\\/felisas-guesthouse.com\\\/#organization\"},\"potentialAction\":[{\"@type\":\"SearchAction\",\"target\":{\"@type\":\"EntryPoint\",\"urlTemplate\":\"https:\\\/\\\/felisas-guesthouse.com\\\/?s={search_term_string}\"},\"query-input\":{\"@type\":\"PropertyValueSpecification\",\"valueRequired\":true,\"valueName\":\"search_term_string\"}}],\"inLanguage\":\"de\"},{\"@type\":\"Organization\",\"@id\":\"https:\\\/\\\/felisas-guesthouse.com\\\/#organization\",\"name\":\"Felisa's Guesthouse\",\"url\":\"https:\\\/\\\/felisas-guesthouse.com\\\/\",\"logo\":{\"@type\":\"ImageObject\",\"inLanguage\":\"de\",\"@id\":\"https:\\\/\\\/felisas-guesthouse.com\\\/#\\\/schema\\\/logo\\\/image\\\/\",\"url\":\"https:\\\/\\\/felisas-guesthouse.com\\\/wp-content\\\/uploads\\\/2018\\\/11\\\/logo-felisa-guesthouse.png\",\"contentUrl\":\"https:\\\/\\\/felisas-guesthouse.com\\\/wp-content\\\/uploads\\\/2018\\\/11\\\/logo-felisa-guesthouse.png\",\"width\":780,\"height\":780,\"caption\":\"Felisa's Guesthouse\"},\"image\":{\"@id\":\"https:\\\/\\\/felisas-guesthouse.com\\\/#\\\/schema\\\/logo\\\/image\\\/\"},\"sameAs\":[\"https:\\\/\\\/www.facebook.com\\\/felisasguesthouse\",\"https:\\\/\\\/www.instagram.com\\\/felisas_guesthouse\\\/\",\"https:\\\/\\\/www.youtube.com\\\/channel\\\/UCbjctj-HVTdUBXijh6xzJpg\"]}]}<\/script>\n<!-- \/ Yoast SEO plugin. -->","yoast_head_json":{"title":"Privacy Policy - Felisa&#039;s Guesthouse","robots":{"index":"index","follow":"follow","max-snippet":"max-snippet:-1","max-image-preview":"max-image-preview:large","max-video-preview":"max-video-preview:-1"},"canonical":"https:\/\/felisas-guesthouse.com\/de\/privacy-policy","og_locale":"de_DE","og_type":"article","og_title":"Privacy Policy - Felisa&#039;s Guesthouse","og_description":"What personal data we collect and why we collect it Contact forms Data you enter in our contact form are sent to us through E-Mail.&nbsp; Cookies If you leave a &hellip; \u201ePrivacy Policy\u201c weiterlesen","og_url":"https:\/\/felisas-guesthouse.com\/de\/privacy-policy","og_site_name":"Felisa&#039;s Guesthouse","article_publisher":"https:\/\/www.facebook.com\/felisasguesthouse","article_modified_time":"2018-11-15T16:38:13+00:00","twitter_card":"summary_large_image","twitter_misc":{"Gesch\u00e4tzte Lesezeit":"2\u00a0Minuten"},"schema":{"@context":"https:\/\/schema.org","@graph":[{"@type":"WebPage","@id":"https:\/\/felisas-guesthouse.com\/privacy-policy","url":"https:\/\/felisas-guesthouse.com\/privacy-policy","name":"Privacy Policy - Felisa&#039;s Guesthouse","isPartOf":{"@id":"https:\/\/felisas-guesthouse.com\/#website"},"datePublished":"2018-11-13T15:59:01+00:00","dateModified":"2018-11-15T16:38:13+00:00","breadcrumb":{"@id":"https:\/\/felisas-guesthouse.com\/privacy-policy#breadcrumb"},"inLanguage":"de","potentialAction":[{"@type":"ReadAction","target":["https:\/\/felisas-guesthouse.com\/privacy-policy"]}]},{"@type":"BreadcrumbList","@id":"https:\/\/felisas-guesthouse.com\/privacy-policy#breadcrumb","itemListElement":[{"@type":"ListItem","position":1,"name":"Home","item":"https:\/\/felisas-guesthouse.com\/"},{"@type":"ListItem","position":2,"name":"Privacy Policy"}]},{"@type":"WebSite","@id":"https:\/\/felisas-guesthouse.com\/#website","url":"https:\/\/felisas-guesthouse.com\/","name":"Felisa's Guesthouse","description":"Enjoy, relax and have fun in Davao City","publisher":{"@id":"https:\/\/felisas-guesthouse.com\/#organization"},"potentialAction":[{"@type":"SearchAction","target":{"@type":"EntryPoint","urlTemplate":"https:\/\/felisas-guesthouse.com\/?s={search_term_string}"},"query-input":{"@type":"PropertyValueSpecification","valueRequired":true,"valueName":"search_term_string"}}],"inLanguage":"de"},{"@type":"Organization","@id":"https:\/\/felisas-guesthouse.com\/#organization","name":"Felisa's Guesthouse","url":"https:\/\/felisas-guesthouse.com\/","logo":{"@type":"ImageObject","inLanguage":"de","@id":"https:\/\/felisas-guesthouse.com\/#\/schema\/logo\/image\/","url":"https:\/\/felisas-guesthouse.com\/wp-content\/uploads\/2018\/11\/logo-felisa-guesthouse.png","contentUrl":"https:\/\/felisas-guesthouse.com\/wp-content\/uploads\/2018\/11\/logo-felisa-guesthouse.png","width":780,"height":780,"caption":"Felisa's Guesthouse"},"image":{"@id":"https:\/\/felisas-guesthouse.com\/#\/schema\/logo\/image\/"},"sameAs":["https:\/\/www.facebook.com\/felisasguesthouse","https:\/\/www.instagram.com\/felisas_guesthouse\/","https:\/\/www.youtube.com\/channel\/UCbjctj-HVTdUBXijh6xzJpg"]}]}},"_links":{"self":[{"href":"https:\/\/felisas-guesthouse.com\/de\/wp-json\/wp\/v2\/pages\/3","targetHints":{"allow":["GET"]}}],"collection":[{"href":"https:\/\/felisas-guesthouse.com\/de\/wp-json\/wp\/v2\/pages"}],"about":[{"href":"https:\/\/felisas-guesthouse.com\/de\/wp-json\/wp\/v2\/types\/page"}],"author":[{"embeddable":true,"href":"https:\/\/felisas-guesthouse.com\/de\/wp-json\/wp\/v2\/users\/1"}],"replies":[{"embeddable":true,"href":"https:\/\/felisas-guesthouse.com\/de\/wp-json\/wp\/v2\/comments?post=3"}],"version-history":[{"count":4,"href":"https:\/\/felisas-guesthouse.com\/de\/wp-json\/wp\/v2\/pages\/3\/revisions"}],"predecessor-version":[{"id":152,"href":"https:\/\/felisas-guesthouse.com\/de\/wp-json\/wp\/v2\/pages\/3\/revisions\/152"}],"wp:attachment":[{"href":"https:\/\/felisas-guesthouse.com\/de\/wp-json\/wp\/v2\/media?parent=3"}],"curies":[{"name":"wp","href":"https:\/\/api.w.org\/{rel}","templated":true}]}}