{"id":328,"date":"2019-09-06T15:46:04","date_gmt":"2019-09-06T07:46:04","guid":{"rendered":"https:\/\/felisas-guesthouse.com\/?page_id=328"},"modified":"2022-11-06T21:47:59","modified_gmt":"2022-11-06T13:47:59","slug":"booking-gardenhouse","status":"publish","type":"page","link":"https:\/\/felisas-guesthouse.com\/de\/formular\/booking-gardenhouse","title":{"rendered":"Buchung Gartenhaus"},"content":{"rendered":"<div class=\"wp-block-contact-form-7-contact-form-selector\">\n<div class=\"wpcf7 no-js\" id=\"wpcf7-f591-o1\" lang=\"en-US\" dir=\"ltr\" data-wpcf7-id=\"591\">\n<div class=\"screen-reader-response\"><p role=\"status\" aria-live=\"polite\" aria-atomic=\"true\"><\/p> <ul><\/ul><\/div>\n<form action=\"\/de\/wp-json\/wp\/v2\/pages\/328#wpcf7-f591-o1\" method=\"post\" class=\"wpcf7-form init\" aria-label=\"Contact form\" novalidate=\"novalidate\" data-status=\"init\" data-trp-original-action=\"\/de\/wp-json\/wp\/v2\/pages\/328#wpcf7-f591-o1\">\n<fieldset class=\"hidden-fields-container\"><input type=\"hidden\" name=\"_wpcf7\" value=\"591\" \/><input type=\"hidden\" name=\"_wpcf7_version\" value=\"6.1.5\" \/><input type=\"hidden\" name=\"_wpcf7_locale\" value=\"en_US\" \/><input type=\"hidden\" name=\"_wpcf7_unit_tag\" value=\"wpcf7-f591-o1\" \/><input type=\"hidden\" name=\"_wpcf7_container_post\" value=\"0\" \/><input type=\"hidden\" name=\"_wpcf7_posted_data_hash\" value=\"\" \/><input type=\"hidden\" name=\"_wpcf7_recaptcha_response\" value=\"\" \/>\n<\/fieldset>\n<p><label> Dein Name (Pflichtfeld)<br \/>\n<span class=\"wpcf7-form-control-wrap\" data-name=\"your-name\"><input size=\"40\" maxlength=\"400\" class=\"wpcf7-form-control wpcf7-text wpcf7-validates-as-required\" aria-required=\"true\" aria-invalid=\"false\" value=\"\" type=\"text\" name=\"your-name\" \/><\/span> <\/label>\n<\/p>\n<p><label> Stra\u00dfe und Hausnummer (Pflichtfeld)<br \/>\n<span class=\"wpcf7-form-control-wrap\" data-name=\"street\"><input size=\"40\" maxlength=\"400\" class=\"wpcf7-form-control wpcf7-text wpcf7-validates-as-required\" aria-required=\"true\" aria-invalid=\"false\" value=\"\" type=\"text\" name=\"street\" \/><\/span> <\/label>\n<\/p>\n<p><label> PLZ und Ort (Pflichtfeld)<br \/>\n<span class=\"wpcf7-form-control-wrap\" data-name=\"city\"><input size=\"40\" maxlength=\"400\" class=\"wpcf7-form-control wpcf7-text wpcf7-validates-as-required\" aria-required=\"true\" aria-invalid=\"false\" value=\"\" type=\"text\" name=\"city\" \/><\/span> <\/label>\n<\/p>\n<p><label> Land<br \/>\n<span class=\"wpcf7-form-control-wrap\" data-name=\"country\"><input size=\"40\" maxlength=\"400\" class=\"wpcf7-form-control wpcf7-text\" aria-invalid=\"false\" value=\"\" type=\"text\" name=\"country\" \/><\/span> <\/label>\n<\/p>\n<p><label> Deine Mobilnummer (Pflichtfeld)<br \/>\n<span class=\"wpcf7-form-control-wrap\" data-name=\"your-mobile-phone\"><input size=\"40\" maxlength=\"400\" class=\"wpcf7-form-control wpcf7-text wpcf7-validates-as-required\" aria-required=\"true\" aria-invalid=\"false\" value=\"\" type=\"text\" name=\"your-mobile-phone\" \/><\/span> <\/label>\n<\/p>\n<p><label> Deine E-Mail (Pflichtfeld)<br \/>\n<span class=\"wpcf7-form-control-wrap\" data-name=\"your-email\"><input size=\"40\" maxlength=\"400\" class=\"wpcf7-form-control wpcf7-email wpcf7-validates-as-required wpcf7-text wpcf7-validates-as-email\" aria-required=\"true\" aria-invalid=\"false\" value=\"\" type=\"email\" name=\"your-email\" \/><\/span> <\/label>\n<\/p>\n<p><label> Ankunftsdatum (Pflichtfeld)<br \/>\n<span class=\"wpcf7-form-control-wrap\" data-name=\"date-start\"><input class=\"wpcf7-form-control wpcf7-date wpcf7-validates-as-required wpcf7-validates-as-date\" min=\"2026-05-01\" aria-required=\"true\" aria-invalid=\"false\" value=\"\" type=\"date\" name=\"date-start\" \/><\/span> <\/label>\n<\/p>\n<p><label> Abreisedatum (Pflichtfeld)<br \/>\n<span class=\"wpcf7-form-control-wrap\" data-name=\"date-end\"><input class=\"wpcf7-form-control wpcf7-date wpcf7-validates-as-required wpcf7-validates-as-date\" min=\"2026-05-03\" aria-required=\"true\" aria-invalid=\"false\" value=\"\" type=\"date\" name=\"date-end\" \/><\/span> <\/label>\n<\/p>\n<p><label> Anzahl \u00dcbernachtungsg\u00e4ste (Pflichtfeld)<br \/>\n<span class=\"wpcf7-form-control-wrap\" data-name=\"guests-overnight\"><select class=\"wpcf7-form-control wpcf7-select wpcf7-validates-as-required\" aria-required=\"true\" aria-invalid=\"false\" name=\"guests-overnight\"><option value=\"\">&#8212;Please choose an option&#8212;<\/option><option value=\"1\">1<\/option><option value=\"2\">2<\/option><option value=\"3\">3<\/option><option value=\"4\">4<\/option><option value=\"5\">5<\/option><option value=\"6\">6<\/option><option value=\"7\">7<\/option><option value=\"8\">8<\/option><option value=\"9\">9<\/option><option value=\"10\">10<\/option><option value=\"11\">11<\/option><option value=\"12\">12<\/option><\/select><\/span><\/label>\n<\/p>\n<p><label> Anzahl Tagesg\u00e4ste (falls relevant)<br \/>\n<span class=\"wpcf7-form-control-wrap\" data-name=\"guests-daytime\"><select class=\"wpcf7-form-control wpcf7-select wpcf7-validates-as-required\" aria-required=\"true\" aria-invalid=\"false\" name=\"guests-daytime\"><option value=\"0\">0<\/option><option value=\"1\">1<\/option><option value=\"2\">2<\/option><option value=\"3\">3<\/option><option value=\"4\">4<\/option><option value=\"5\">5<\/option><\/select><\/span><\/label>\n<\/p>\n<p><label> Weitere Informationen oder Fragen<br \/>\n<span class=\"wpcf7-form-control-wrap\" data-name=\"your-message\"><textarea cols=\"40\" rows=\"10\" maxlength=\"2000\" class=\"wpcf7-form-control wpcf7-textarea\" aria-invalid=\"false\" name=\"your-message\"><\/textarea><\/span> <\/label>\n<\/p>\n<p><span class=\"wpcf7-form-control-wrap\" data-name=\"rules\"><span class=\"wpcf7-form-control wpcf7-acceptance\"><span class=\"wpcf7-list-item\"><label><input type=\"checkbox\" name=\"rules\" value=\"1\" aria-invalid=\"false\" \/><span class=\"wpcf7-list-item-label\">Ich stimme den folgenden Buchungsbedingungen zu:<\/span><\/label><\/span><\/span><\/span>\n<\/p>\n<ul>\n\t<li>\n\t\t<p>Die Buchung ist erst nach unserer Best\u00e4tigung und Deiner Anzahlung g\u00fcltig\n\t\t<\/p>\n\t<\/li>\n\t<li>\n\t\t<p>Maximum capacity of 12 guests\n\t\t<\/p>\n\t<\/li>\n\t<li>\n\t\t<p>Lokale CORONA-Regeln m\u00fcssen von allen G\u00e4sten beachtet werden.\n\t\t<\/p>\n\t<\/li>\n\t<li>\n\t\t<p>Keine laute Musik oder L\u00e4rm zwischen 22 Uhr und 7 Uhr.\n\t\t<\/p>\n\t<\/li>\n\t<li>\n\t\t<p>No additional guests on top of the packages are allowed without prior agreement\n\t\t<\/p>\n\t<\/li>\n\t<li>\n\t\t<p>Down payment 10,000 PHP to confirm your reservation - remaining payment latest during check-in\n\t\t<\/p>\n\t<\/li>\n\t<li>\n\t\t<p>Storno bis 30 Tage vor Ankunft: Du bekommst 8.000 PHP zur\u00fcck\n\t\t<\/p>\n\t<\/li>\n\t<li>\n\t\t<p>Storno bis 7 Tage vor Ankunft: Du bekommst 4.000 PHP zur\u00fcck\n\t\t<\/p>\n\t<\/li>\n\t<li>\n\t\t<p>Storno innerhalb 7 Tagen vor Ankunft: Keine Erstattung der Anzahlung\n\t\t<\/p>\n\t<\/li>\n\t<li>\n\t\t<p>Restbetrag ist f\u00e4llig vor oder bei Ankunft (Barzahlung oder GCash)\n\t\t<\/p>\n\t<\/li>\n<\/ul>\n<p><span class=\"wpcf7-form-control-wrap\" data-name=\"your-consent\"><span class=\"wpcf7-form-control wpcf7-acceptance\"><span class=\"wpcf7-list-item\"><label><input type=\"checkbox\" name=\"your-consent\" value=\"1\" aria-invalid=\"false\" \/><span class=\"wpcf7-list-item-label\">Ich stimme den Datenschutzbestimmungen zu (siehe Link unten)<\/span><\/label><\/span><\/span><\/span>\n<\/p>\n\n<p><input class=\"wpcf7-form-control wpcf7-submit has-spinner\" type=\"submit\" value=\"Submit \/ Senden\" \/>\n<\/p><div class=\"wpcf7-response-output\" aria-hidden=\"true\"><\/div>\n<input type=\"hidden\" name=\"trp-form-language\" value=\"de\"\/><\/form>\n<\/div>\n<\/div>\n\n\n\n<p>Du kannst auch \u00fcber AirBnB buchen:&nbsp;<\/p>\n\n\n\n<div class=\"airbnb-embed-frame\" data-id=\"37967370\" data-view=\"home\" style=\"width:450px;height:300px;margin:auto\"><a href=\"https:\/\/www.airbnb.com\/rooms\/37967370?s=66&amp;unique_share_id=36413efb-3fab-41b4-9e8a-b9c935a19108&amp;source=embed_widget\" rel=\"nofollow\">View On Airbnb<\/a><a href=\"https:\/\/www.airbnb.com\/rooms\/37967370?s=66&amp;unique_share_id=36413efb-3fab-41b4-9e8a-b9c935a19108&amp;source=embed_widget\" rel=\"nofollow\">Felisa&#8217;s Gardenhouse in Davao (w\/ pool &amp; kitchen)<\/a><script async=\"\" src=\"https:\/\/www.airbnb.com\/embeddable\/airbnb_jssdk\"><\/script><\/div>\n\n\n\n<p>Wenn du beide H\u00e4user auf AirBnB buchen und mit einer Gruppe von bis zu 12 G\u00e4sten \u00fcbernachten m\u00f6chtest, kannst du das hier tun:<\/p>\n<p><a style=\"pointer-events: none;\" tabindex=\"-1\" href=\"https:\/\/www.airbnb.com\/rooms\/37969234?s=67&amp;unique_share_id=21b68047-329a-409a-9bfd-971cf0ef652d\" target=\"_blank\" rel=\"noopener noreferrer\">Beide H\u00e4user \u00fcber AirBnB buchen (G\u00e4stehaus und Gartenhaus)<\/a><\/p>\n\n\n\n<h4 class=\"translation-block\">Wenn du direkt buchen m\u00f6chtest und Hilfe ben\u00f6tigst, kontaktiere <a href=\"https:\/\/felisas-guesthouse.com\/de\/kontaktiere\/\" target=\"_self\">uns<\/a> bitte.<\/h4>","protected":false},"excerpt":{"rendered":"<p>View On AirbnbFelisa&#8217;s Gardenhouse in Davao (w\/ pool &amp; kitchen)<\/p>","protected":false},"author":1,"featured_media":0,"parent":40,"menu_order":0,"comment_status":"closed","ping_status":"closed","template":"","meta":{"_monsterinsights_skip_tracking":false,"_monsterinsights_sitenote_active":false,"_monsterinsights_sitenote_note":"","_monsterinsights_sitenote_category":0,"ngg_post_thumbnail":0,"footnotes":""},"class_list":["post-328","page","type-page","status-publish","hentry"],"yoast_head":"<!-- This site is optimized with the Yoast SEO plugin v27.5 - https:\/\/yoast.com\/product\/yoast-seo-wordpress\/ -->\n<title>Booking Gardenhouse - Felisa&#039;s Guesthouse<\/title>\n<meta name=\"robots\" content=\"index, follow, max-snippet:-1, max-image-preview:large, max-video-preview:-1\" \/>\n<link rel=\"canonical\" href=\"https:\/\/felisas-guesthouse.com\/de\/formular\/booking-gardenhouse\" \/>\n<meta property=\"og:locale\" content=\"de_DE\" \/>\n<meta property=\"og:type\" content=\"article\" \/>\n<meta property=\"og:title\" content=\"Booking Gardenhouse - Felisa&#039;s Guesthouse\" \/>\n<meta property=\"og:description\" content=\"View On AirbnbFelisa&#8217;s Gardenhouse in Davao (w\/ pool &amp; kitchen)\" \/>\n<meta property=\"og:url\" content=\"https:\/\/felisas-guesthouse.com\/de\/formular\/booking-gardenhouse\" \/>\n<meta property=\"og:site_name\" content=\"Felisa&#039;s Guesthouse\" \/>\n<meta property=\"article:publisher\" content=\"https:\/\/www.facebook.com\/felisasguesthouse\" \/>\n<meta property=\"article:modified_time\" content=\"2022-11-06T13:47:59+00:00\" \/>\n<meta name=\"twitter:card\" content=\"summary_large_image\" \/>\n<meta name=\"twitter:label1\" content=\"Gesch\u00e4tzte Lesezeit\" \/>\n\t<meta name=\"twitter:data1\" content=\"1\u00a0Minute\" \/>\n<script type=\"application\/ld+json\" class=\"yoast-schema-graph\">{\"@context\":\"https:\\\/\\\/schema.org\",\"@graph\":[{\"@type\":\"WebPage\",\"@id\":\"https:\\\/\\\/felisas-guesthouse.com\\\/booking\\\/booking-gardenhouse\",\"url\":\"https:\\\/\\\/felisas-guesthouse.com\\\/booking\\\/booking-gardenhouse\",\"name\":\"Booking Gardenhouse - Felisa&#039;s Guesthouse\",\"isPartOf\":{\"@id\":\"https:\\\/\\\/felisas-guesthouse.com\\\/#website\"},\"datePublished\":\"2019-09-06T07:46:04+00:00\",\"dateModified\":\"2022-11-06T13:47:59+00:00\",\"breadcrumb\":{\"@id\":\"https:\\\/\\\/felisas-guesthouse.com\\\/booking\\\/booking-gardenhouse#breadcrumb\"},\"inLanguage\":\"de\",\"potentialAction\":[{\"@type\":\"ReadAction\",\"target\":[\"https:\\\/\\\/felisas-guesthouse.com\\\/booking\\\/booking-gardenhouse\"]}]},{\"@type\":\"BreadcrumbList\",\"@id\":\"https:\\\/\\\/felisas-guesthouse.com\\\/booking\\\/booking-gardenhouse#breadcrumb\",\"itemListElement\":[{\"@type\":\"ListItem\",\"position\":1,\"name\":\"Home\",\"item\":\"https:\\\/\\\/felisas-guesthouse.com\\\/\"},{\"@type\":\"ListItem\",\"position\":2,\"name\":\"Booking\",\"item\":\"https:\\\/\\\/felisas-guesthouse.com\\\/booking\"},{\"@type\":\"ListItem\",\"position\":3,\"name\":\"Booking Gardenhouse\"}]},{\"@type\":\"WebSite\",\"@id\":\"https:\\\/\\\/felisas-guesthouse.com\\\/#website\",\"url\":\"https:\\\/\\\/felisas-guesthouse.com\\\/\",\"name\":\"Felisa's Guesthouse\",\"description\":\"Enjoy, relax and have fun in Davao City\",\"publisher\":{\"@id\":\"https:\\\/\\\/felisas-guesthouse.com\\\/#organization\"},\"potentialAction\":[{\"@type\":\"SearchAction\",\"target\":{\"@type\":\"EntryPoint\",\"urlTemplate\":\"https:\\\/\\\/felisas-guesthouse.com\\\/?s={search_term_string}\"},\"query-input\":{\"@type\":\"PropertyValueSpecification\",\"valueRequired\":true,\"valueName\":\"search_term_string\"}}],\"inLanguage\":\"de\"},{\"@type\":\"Organization\",\"@id\":\"https:\\\/\\\/felisas-guesthouse.com\\\/#organization\",\"name\":\"Felisa's Guesthouse\",\"url\":\"https:\\\/\\\/felisas-guesthouse.com\\\/\",\"logo\":{\"@type\":\"ImageObject\",\"inLanguage\":\"de\",\"@id\":\"https:\\\/\\\/felisas-guesthouse.com\\\/#\\\/schema\\\/logo\\\/image\\\/\",\"url\":\"https:\\\/\\\/felisas-guesthouse.com\\\/wp-content\\\/uploads\\\/2018\\\/11\\\/logo-felisa-guesthouse.png\",\"contentUrl\":\"https:\\\/\\\/felisas-guesthouse.com\\\/wp-content\\\/uploads\\\/2018\\\/11\\\/logo-felisa-guesthouse.png\",\"width\":780,\"height\":780,\"caption\":\"Felisa's Guesthouse\"},\"image\":{\"@id\":\"https:\\\/\\\/felisas-guesthouse.com\\\/#\\\/schema\\\/logo\\\/image\\\/\"},\"sameAs\":[\"https:\\\/\\\/www.facebook.com\\\/felisasguesthouse\",\"https:\\\/\\\/www.instagram.com\\\/felisas_guesthouse\\\/\",\"https:\\\/\\\/www.youtube.com\\\/channel\\\/UCbjctj-HVTdUBXijh6xzJpg\"]}]}<\/script>\n<!-- \/ Yoast SEO plugin. -->","yoast_head_json":{"title":"Booking Gardenhouse - Felisa&#039;s Guesthouse","robots":{"index":"index","follow":"follow","max-snippet":"max-snippet:-1","max-image-preview":"max-image-preview:large","max-video-preview":"max-video-preview:-1"},"canonical":"https:\/\/felisas-guesthouse.com\/de\/formular\/booking-gardenhouse","og_locale":"de_DE","og_type":"article","og_title":"Booking Gardenhouse - Felisa&#039;s Guesthouse","og_description":"View On AirbnbFelisa&#8217;s Gardenhouse in Davao (w\/ pool &amp; kitchen)","og_url":"https:\/\/felisas-guesthouse.com\/de\/formular\/booking-gardenhouse","og_site_name":"Felisa&#039;s Guesthouse","article_publisher":"https:\/\/www.facebook.com\/felisasguesthouse","article_modified_time":"2022-11-06T13:47:59+00:00","twitter_card":"summary_large_image","twitter_misc":{"Gesch\u00e4tzte Lesezeit":"1\u00a0Minute"},"schema":{"@context":"https:\/\/schema.org","@graph":[{"@type":"WebPage","@id":"https:\/\/felisas-guesthouse.com\/booking\/booking-gardenhouse","url":"https:\/\/felisas-guesthouse.com\/booking\/booking-gardenhouse","name":"Booking Gardenhouse - Felisa&#039;s Guesthouse","isPartOf":{"@id":"https:\/\/felisas-guesthouse.com\/#website"},"datePublished":"2019-09-06T07:46:04+00:00","dateModified":"2022-11-06T13:47:59+00:00","breadcrumb":{"@id":"https:\/\/felisas-guesthouse.com\/booking\/booking-gardenhouse#breadcrumb"},"inLanguage":"de","potentialAction":[{"@type":"ReadAction","target":["https:\/\/felisas-guesthouse.com\/booking\/booking-gardenhouse"]}]},{"@type":"BreadcrumbList","@id":"https:\/\/felisas-guesthouse.com\/booking\/booking-gardenhouse#breadcrumb","itemListElement":[{"@type":"ListItem","position":1,"name":"Home","item":"https:\/\/felisas-guesthouse.com\/"},{"@type":"ListItem","position":2,"name":"Booking","item":"https:\/\/felisas-guesthouse.com\/booking"},{"@type":"ListItem","position":3,"name":"Booking Gardenhouse"}]},{"@type":"WebSite","@id":"https:\/\/felisas-guesthouse.com\/#website","url":"https:\/\/felisas-guesthouse.com\/","name":"Felisa's Guesthouse","description":"Enjoy, relax and have fun in Davao City","publisher":{"@id":"https:\/\/felisas-guesthouse.com\/#organization"},"potentialAction":[{"@type":"SearchAction","target":{"@type":"EntryPoint","urlTemplate":"https:\/\/felisas-guesthouse.com\/?s={search_term_string}"},"query-input":{"@type":"PropertyValueSpecification","valueRequired":true,"valueName":"search_term_string"}}],"inLanguage":"de"},{"@type":"Organization","@id":"https:\/\/felisas-guesthouse.com\/#organization","name":"Felisa's Guesthouse","url":"https:\/\/felisas-guesthouse.com\/","logo":{"@type":"ImageObject","inLanguage":"de","@id":"https:\/\/felisas-guesthouse.com\/#\/schema\/logo\/image\/","url":"https:\/\/felisas-guesthouse.com\/wp-content\/uploads\/2018\/11\/logo-felisa-guesthouse.png","contentUrl":"https:\/\/felisas-guesthouse.com\/wp-content\/uploads\/2018\/11\/logo-felisa-guesthouse.png","width":780,"height":780,"caption":"Felisa's Guesthouse"},"image":{"@id":"https:\/\/felisas-guesthouse.com\/#\/schema\/logo\/image\/"},"sameAs":["https:\/\/www.facebook.com\/felisasguesthouse","https:\/\/www.instagram.com\/felisas_guesthouse\/","https:\/\/www.youtube.com\/channel\/UCbjctj-HVTdUBXijh6xzJpg"]}]}},"_links":{"self":[{"href":"https:\/\/felisas-guesthouse.com\/de\/wp-json\/wp\/v2\/pages\/328","targetHints":{"allow":["GET"]}}],"collection":[{"href":"https:\/\/felisas-guesthouse.com\/de\/wp-json\/wp\/v2\/pages"}],"about":[{"href":"https:\/\/felisas-guesthouse.com\/de\/wp-json\/wp\/v2\/types\/page"}],"author":[{"embeddable":true,"href":"https:\/\/felisas-guesthouse.com\/de\/wp-json\/wp\/v2\/users\/1"}],"replies":[{"embeddable":true,"href":"https:\/\/felisas-guesthouse.com\/de\/wp-json\/wp\/v2\/comments?post=328"}],"version-history":[{"count":9,"href":"https:\/\/felisas-guesthouse.com\/de\/wp-json\/wp\/v2\/pages\/328\/revisions"}],"predecessor-version":[{"id":643,"href":"https:\/\/felisas-guesthouse.com\/de\/wp-json\/wp\/v2\/pages\/328\/revisions\/643"}],"up":[{"embeddable":true,"href":"https:\/\/felisas-guesthouse.com\/de\/wp-json\/wp\/v2\/pages\/40"}],"wp:attachment":[{"href":"https:\/\/felisas-guesthouse.com\/de\/wp-json\/wp\/v2\/media?parent=328"}],"curies":[{"name":"wp","href":"https:\/\/api.w.org\/{rel}","templated":true}]}}