{"id":411,"date":"2019-10-11T02:12:18","date_gmt":"2019-10-10T18:12:18","guid":{"rendered":"https:\/\/felisas-guesthouse.com\/?page_id=411"},"modified":"2025-06-12T19:44:35","modified_gmt":"2025-06-12T11:44:35","slug":"rates","status":"publish","type":"page","link":"https:\/\/felisas-guesthouse.com\/de\/rates","title":{"rendered":"Preise"},"content":{"rendered":"<p>Wir haben uns f\u00fcr ein Preismodell entschieden, das f\u00fcr beide Seiten fair ist - f\u00fcr unsere G\u00e4ste und f\u00fcr uns als Gastgeber.<\/p>\n\n\n\n<p>Anstatt also f\u00fcr jede Buchung den gleichen Preis zu verlangen, h\u00e4ngt unser \u00dcbernachtungspreis von der Anzahl der G\u00e4ste und der Anzahl der Tage ab, die ihr bleibt.&nbsp;<\/p>\n\n\n\n<p>Gib einfach die Anzahl der G\u00e4ste und die Anzahl der N\u00e4chte ein und unser Preis wird angezeigt. <\/p>\n\n\n\n<form action=\"\">\n  <label for=\"numberOfGuests\">Anzahl der G\u00e4ste:<\/label>\n  <select id=\"numberOfGuests\">\n    <option value=\"2\" selected>2<\/option>\n    <option value=\"3\">3<\/option>\n    <option value=\"4\">4<\/option>\n    <option value=\"5\">5<\/option>\n    <option value=\"6\">6<\/option>\n    <option value=\"7\">7<\/option>\n    <option value=\"8\">8<\/option>\n    <option value=\"9\">9<\/option>\n    <option value=\"10\">10<\/option>\n    <option value=\"11\">11<\/option>\n    <option value=\"12\">12<\/option>\n  <\/select>\n  <br><br>\n  <label for=\"numberOfNights\">Anzahl der \u00dcbernachtungen:<\/label>\n  <select id=\"numberOfNights\">\n    <option value=\"2\" selected>2<\/option>\n    <option value=\"3\">3<\/option>\n    <option value=\"4\">4<\/option>\n    <option value=\"5\">5<\/option>\n    <option value=\"6\">6<\/option>\n    <option value=\"7\">7<\/option>\n    <option value=\"8\">8<\/option>\n    <option value=\"9\">9<\/option>\n    <option value=\"10\">10<\/option>\n    <option value=\"11\">11<\/option>\n    <option value=\"12\">12<\/option>\n    <option value=\"13\">13<\/option>\n    <option value=\"14\">14<\/option>\n    <option value=\"15\">15<\/option>\n    <option value=\"16\">16<\/option>\n    <option value=\"17\">17<\/option>\n    <option value=\"18\">18<\/option>\n    <option value=\"19\">19<\/option>\n    <option value=\"20\">20<\/option>\n    <option value=\"21\">21<\/option>\n    <option value=\"22\">22<\/option>\n    <option value=\"23\">23<\/option>\n    <option value=\"24\">24<\/option>\n    <option value=\"25\">25<\/option>\n    <option value=\"26\">26<\/option>\n    <option value=\"27\">27<\/option>\n    <option value=\"28\">28<\/option>\n    <option value=\"29\">29<\/option>\n    <option value=\"30\">30<\/option>\n  <\/select>\n  <br><br>\n  <label for=\"additionalChildrenBelow6\">Zus\u00e4tzlich Kinder unter 6 Jahren (kostenfrei):<\/label>\n  <select id=\"additionalChildrenBelow6\">\n    <option value=\"0\" selected>0<\/option>\n    <option value=\"1\">1<\/option>\n    <option value=\"2\">2<\/option>\n    <option value=\"3\">3<\/option>\n    <option value=\"4\">4<\/option>\n  <\/select>\n  <br><br>\n  <label for=\"additionalChildren6to12\">Zus\u00e4tzliche Kinder 6 bis 12 Jahre alt:<\/label>\n  <select id=\"additionalChildren6to12\">\n    <option value=\"0\" selected>0<\/option>\n    <option value=\"1\">1<\/option>\n    <option value=\"2\">2<\/option>\n    <option value=\"3\">3<\/option>\n    <option value=\"4\">4<\/option>\n  <\/select>\n  <br><br>\n  <label for=\"houseSelection\">W\u00e4hle ein Haus:<\/label>\n   <select id=\"houseSelection\"><\/select>\n  <br><br>\n  <button type=\"button\" id=\"calculateButton\">Preis berechnen<\/button>\n<input type=\"hidden\" name=\"trp-form-language\" value=\"de\"\/><\/form>\n<p\/>\n<div id=\"whitebox\" style=\"display: none;\">\n  <h3 id=\"headline\"><\/h3>\n  <p id=\"house\"><\/p>\n  <p id=\"adjustedChoiceMessage\"><\/p>\n  <p id=\"numberOfNightsInfo\"><\/p>  \n  <p id=\"numberOfGuestsInfo\"><\/p>\n  <p id=\"additionalChildrenBelow6Info\"><\/p>\n  <p id=\"additionalChildren6to12Info\"><\/p>\n  <p><\/p>\n  <p id=\"rate\"><\/p>\n  <p id=\"discountMessage\"><\/p>\n  <p id=\"lastline\"><\/p>\n<\/div>\n\n<script src=\"\/price-calculator.js\"><\/script>\n\n\n\n<p><\/p>\n\n\n\n<p>NEU: Wir bieten auch Last-Minute-Rabatte an. Bitte beachte, dass diese Rabatte von der Verf\u00fcgbarkeit abh\u00e4ngen und nicht mit anderen Aktionen kombiniert werden k\u00f6nnen:<\/p>\n\n\n\n<p><strong>3 Tage vor Ankunft 10 %<\/strong><\/p>\n\n\n\n<p>Hier findest du einige grundlegende Informationen \u00fcber unsere Preise, damit du wei\u00dft, wie wir unsere Preise berechnen. Dies dient nur zu deiner Information und als Grundlage f\u00fcr die obige Berechnung:<\/p>\n\n\n\n<figure class=\"wp-block-table\"><table><tbody><tr><td><strong>Unser G\u00e4stehaus mieten:<\/strong><\/td><\/tr><tr><td>Die ersten zwei G\u00e4ste<\/td><td>4,500 PHP<\/td><td>pro Nacht f\u00fcr zwei G\u00e4ste<\/td><\/tr><tr><td>Jeder weitere Gast<\/td><td>900 PHP&nbsp;<\/td><td class=\"translation-block\">pro zus\u00e4tzlichem Gast und Nacht<br \/>\n<strong>Maximum von 7 G\u00e4sten<\/strong><\/td><\/tr><tr><td>Reinigungsgeb\u00fchr:<\/td><td>1,000 PHP<\/td><td>pro Aufenthalt (Einmalzahlung)<\/td><\/tr><\/tbody><\/table><\/figure>\n\n\n\n<figure class=\"wp-block-table\"><table><tbody><tr><td><strong>Unser Gartenhaus mieten:<\/strong><\/td><\/tr><tr><td>Die ersten zwei G\u00e4ste<\/td><td>4,000 PHP<\/td><td>pro Nacht f\u00fcr zwei G\u00e4ste<\/td><\/tr><tr><td>Jeder weitere Gast<\/td><td>900 PHP&nbsp;<\/td><td class=\"translation-block\">pro zus\u00e4tzlichem Gast und Nacht<br \/>\n<strong>Maximum von 5 G\u00e4sten<\/strong><\/td><\/tr><tr><td>Reinigungsgeb\u00fchr:<\/td><td>1,000 PHP<\/td><td>pro Aufenthalt (Einmalzahlung)<\/td><\/tr><\/tbody><\/table><\/figure>\n\n\n\n<figure class=\"wp-block-table\"><table><tbody><tr><td><strong>Beide H\u00e4user mieten:<\/strong><\/td><\/tr><tr><td>First six guests<\/td><td>9,500 PHP<\/td><td>per night for 6 guests<\/td><\/tr><tr><td>Jeder weitere Gast<\/td><td>900 PHP<\/td><td class=\"translation-block\">pro zus\u00e4tzlichem Gast und Nacht<br \/>\n<strong>Maximum von 12 G\u00e4sten<\/strong><\/td><\/tr><tr><td>Reinigungsgeb\u00fchr:<\/td><td>2,000 PHP<\/td><td>pro Aufenthalt (Einmalzahlung)<\/td><\/tr><\/tbody><\/table><\/figure>\n\n\n\n<figure class=\"wp-block-table\"><table><tbody><tr><td><strong>Rabatte:<\/strong><\/td><td><\/td><\/tr><tr><td>Aufenthalt eine Woche oder l\u00e4nger<\/td><td>10 %<\/td><\/tr><tr><td>Aufenthalt zwei Wochen oder l\u00e4nger<\/td><td>25 %<\/td><\/tr><tr><td>Aufenthalt drei Wochen oder l\u00e4nger<\/td><td>40 %<\/td><\/tr><tr><td>Aufenthalt vier Wochen oder l\u00e4nger<\/td><td>50 %<\/td><\/tr><\/tbody><\/table><\/figure>\n\n\n\n<p><\/p>\n\n\n\n<p>Kinder unter 6 Jahren sind bei uns kostenfrei!!! <\/p>\n\n\n\n<p>Children 6 to 12 years pay the half price (450 PHP per night).<\/p>\n\n\n\n<p>Manchmal bieten wir auch spezielle Rabatte f\u00fcr Zeiten an, in denen weniger G\u00e4ste gebucht haben.<\/p>\n\n\n\n<p><strong>Unser Mindestaufenthalt betr\u00e4gt zwei N\u00e4chte - in der Hauptsaison gibt es einen verl\u00e4ngerten Mindestaufenthalt von 7 Tagen. <\/strong><\/p>\n\n\n\n<p><strong>Zahlungsbedingungen<\/strong><br>Anzahlung 10.000 PHP zur Best\u00e4tigung der Buchung<br>Storno bis 30 Tage vor Ankunft: Du bekommst 8.000 PHP zur\u00fcck<br>Storno bis 7 Tage vor Ankunft: Du bekommst 4.000 PHP zur\u00fcck<br>Storno innerhalb 7 Tagen vor Ankunft: Keine Erstattung der Anzahlung<\/p>\n\n\n\n<p>Restbetrag ist f\u00e4llig vor oder bei Ankunft (Barzahlung oder GCash)<\/p>","protected":false},"excerpt":{"rendered":"<p>We decided to have a pricing model which is fair to both &#8211; to our guests and to us as host. So instead of charging the same price for every &hellip; <\/p>\n<p class=\"link-more\"><a href=\"https:\/\/felisas-guesthouse.com\/de\/rates\" class=\"more-link\"><span class=\"screen-reader-text\">\u201eRates\u201c <\/span>weiterlesen<\/a><\/p>","protected":false},"author":1,"featured_media":0,"parent":0,"menu_order":0,"comment_status":"closed","ping_status":"closed","template":"","meta":{"_monsterinsights_skip_tracking":false,"_monsterinsights_sitenote_active":false,"_monsterinsights_sitenote_note":"","_monsterinsights_sitenote_category":0,"ngg_post_thumbnail":0,"footnotes":""},"class_list":["post-411","page","type-page","status-publish","hentry"],"yoast_head":"<!-- This site is optimized with the Yoast SEO plugin v27.5 - https:\/\/yoast.com\/product\/yoast-seo-wordpress\/ -->\n<title>Rates - Felisa&#039;s Guesthouse<\/title>\n<meta name=\"robots\" content=\"index, follow, max-snippet:-1, max-image-preview:large, max-video-preview:-1\" \/>\n<link rel=\"canonical\" href=\"https:\/\/felisas-guesthouse.com\/de\/rates\" \/>\n<meta property=\"og:locale\" content=\"de_DE\" \/>\n<meta property=\"og:type\" content=\"article\" \/>\n<meta property=\"og:title\" content=\"Rates - Felisa&#039;s Guesthouse\" \/>\n<meta property=\"og:description\" content=\"We decided to have a pricing model which is fair to both &#8211; to our guests and to us as host. So instead of charging the same price for every &hellip; \u201eRates\u201c weiterlesen\" \/>\n<meta property=\"og:url\" content=\"https:\/\/felisas-guesthouse.com\/de\/rates\" \/>\n<meta property=\"og:site_name\" content=\"Felisa&#039;s Guesthouse\" \/>\n<meta property=\"article:publisher\" content=\"https:\/\/www.facebook.com\/felisasguesthouse\" \/>\n<meta property=\"article:modified_time\" content=\"2025-06-12T11:44:35+00:00\" \/>\n<meta name=\"twitter:card\" content=\"summary_large_image\" \/>\n<meta name=\"twitter:label1\" content=\"Gesch\u00e4tzte Lesezeit\" \/>\n\t<meta name=\"twitter:data1\" content=\"2\u00a0Minuten\" \/>\n<script type=\"application\/ld+json\" class=\"yoast-schema-graph\">{\"@context\":\"https:\\\/\\\/schema.org\",\"@graph\":[{\"@type\":\"WebPage\",\"@id\":\"https:\\\/\\\/felisas-guesthouse.com\\\/rates\",\"url\":\"https:\\\/\\\/felisas-guesthouse.com\\\/rates\",\"name\":\"Rates - Felisa&#039;s Guesthouse\",\"isPartOf\":{\"@id\":\"https:\\\/\\\/felisas-guesthouse.com\\\/#website\"},\"datePublished\":\"2019-10-10T18:12:18+00:00\",\"dateModified\":\"2025-06-12T11:44:35+00:00\",\"breadcrumb\":{\"@id\":\"https:\\\/\\\/felisas-guesthouse.com\\\/rates#breadcrumb\"},\"inLanguage\":\"de\",\"potentialAction\":[{\"@type\":\"ReadAction\",\"target\":[\"https:\\\/\\\/felisas-guesthouse.com\\\/rates\"]}]},{\"@type\":\"BreadcrumbList\",\"@id\":\"https:\\\/\\\/felisas-guesthouse.com\\\/rates#breadcrumb\",\"itemListElement\":[{\"@type\":\"ListItem\",\"position\":1,\"name\":\"Home\",\"item\":\"https:\\\/\\\/felisas-guesthouse.com\\\/\"},{\"@type\":\"ListItem\",\"position\":2,\"name\":\"Rates\"}]},{\"@type\":\"WebSite\",\"@id\":\"https:\\\/\\\/felisas-guesthouse.com\\\/#website\",\"url\":\"https:\\\/\\\/felisas-guesthouse.com\\\/\",\"name\":\"Felisa's Guesthouse\",\"description\":\"Enjoy, relax and have fun in Davao City\",\"publisher\":{\"@id\":\"https:\\\/\\\/felisas-guesthouse.com\\\/#organization\"},\"potentialAction\":[{\"@type\":\"SearchAction\",\"target\":{\"@type\":\"EntryPoint\",\"urlTemplate\":\"https:\\\/\\\/felisas-guesthouse.com\\\/?s={search_term_string}\"},\"query-input\":{\"@type\":\"PropertyValueSpecification\",\"valueRequired\":true,\"valueName\":\"search_term_string\"}}],\"inLanguage\":\"de\"},{\"@type\":\"Organization\",\"@id\":\"https:\\\/\\\/felisas-guesthouse.com\\\/#organization\",\"name\":\"Felisa's Guesthouse\",\"url\":\"https:\\\/\\\/felisas-guesthouse.com\\\/\",\"logo\":{\"@type\":\"ImageObject\",\"inLanguage\":\"de\",\"@id\":\"https:\\\/\\\/felisas-guesthouse.com\\\/#\\\/schema\\\/logo\\\/image\\\/\",\"url\":\"https:\\\/\\\/felisas-guesthouse.com\\\/wp-content\\\/uploads\\\/2018\\\/11\\\/logo-felisa-guesthouse.png\",\"contentUrl\":\"https:\\\/\\\/felisas-guesthouse.com\\\/wp-content\\\/uploads\\\/2018\\\/11\\\/logo-felisa-guesthouse.png\",\"width\":780,\"height\":780,\"caption\":\"Felisa's Guesthouse\"},\"image\":{\"@id\":\"https:\\\/\\\/felisas-guesthouse.com\\\/#\\\/schema\\\/logo\\\/image\\\/\"},\"sameAs\":[\"https:\\\/\\\/www.facebook.com\\\/felisasguesthouse\",\"https:\\\/\\\/www.instagram.com\\\/felisas_guesthouse\\\/\",\"https:\\\/\\\/www.youtube.com\\\/channel\\\/UCbjctj-HVTdUBXijh6xzJpg\"]}]}<\/script>\n<!-- \/ Yoast SEO plugin. -->","yoast_head_json":{"title":"Rates - Felisa&#039;s Guesthouse","robots":{"index":"index","follow":"follow","max-snippet":"max-snippet:-1","max-image-preview":"max-image-preview:large","max-video-preview":"max-video-preview:-1"},"canonical":"https:\/\/felisas-guesthouse.com\/de\/rates","og_locale":"de_DE","og_type":"article","og_title":"Rates - Felisa&#039;s Guesthouse","og_description":"We decided to have a pricing model which is fair to both &#8211; to our guests and to us as host. So instead of charging the same price for every &hellip; \u201eRates\u201c weiterlesen","og_url":"https:\/\/felisas-guesthouse.com\/de\/rates","og_site_name":"Felisa&#039;s Guesthouse","article_publisher":"https:\/\/www.facebook.com\/felisasguesthouse","article_modified_time":"2025-06-12T11:44:35+00:00","twitter_card":"summary_large_image","twitter_misc":{"Gesch\u00e4tzte Lesezeit":"2\u00a0Minuten"},"schema":{"@context":"https:\/\/schema.org","@graph":[{"@type":"WebPage","@id":"https:\/\/felisas-guesthouse.com\/rates","url":"https:\/\/felisas-guesthouse.com\/rates","name":"Rates - Felisa&#039;s Guesthouse","isPartOf":{"@id":"https:\/\/felisas-guesthouse.com\/#website"},"datePublished":"2019-10-10T18:12:18+00:00","dateModified":"2025-06-12T11:44:35+00:00","breadcrumb":{"@id":"https:\/\/felisas-guesthouse.com\/rates#breadcrumb"},"inLanguage":"de","potentialAction":[{"@type":"ReadAction","target":["https:\/\/felisas-guesthouse.com\/rates"]}]},{"@type":"BreadcrumbList","@id":"https:\/\/felisas-guesthouse.com\/rates#breadcrumb","itemListElement":[{"@type":"ListItem","position":1,"name":"Home","item":"https:\/\/felisas-guesthouse.com\/"},{"@type":"ListItem","position":2,"name":"Rates"}]},{"@type":"WebSite","@id":"https:\/\/felisas-guesthouse.com\/#website","url":"https:\/\/felisas-guesthouse.com\/","name":"Felisa's Guesthouse","description":"Enjoy, relax and have fun in Davao City","publisher":{"@id":"https:\/\/felisas-guesthouse.com\/#organization"},"potentialAction":[{"@type":"SearchAction","target":{"@type":"EntryPoint","urlTemplate":"https:\/\/felisas-guesthouse.com\/?s={search_term_string}"},"query-input":{"@type":"PropertyValueSpecification","valueRequired":true,"valueName":"search_term_string"}}],"inLanguage":"de"},{"@type":"Organization","@id":"https:\/\/felisas-guesthouse.com\/#organization","name":"Felisa's Guesthouse","url":"https:\/\/felisas-guesthouse.com\/","logo":{"@type":"ImageObject","inLanguage":"de","@id":"https:\/\/felisas-guesthouse.com\/#\/schema\/logo\/image\/","url":"https:\/\/felisas-guesthouse.com\/wp-content\/uploads\/2018\/11\/logo-felisa-guesthouse.png","contentUrl":"https:\/\/felisas-guesthouse.com\/wp-content\/uploads\/2018\/11\/logo-felisa-guesthouse.png","width":780,"height":780,"caption":"Felisa's Guesthouse"},"image":{"@id":"https:\/\/felisas-guesthouse.com\/#\/schema\/logo\/image\/"},"sameAs":["https:\/\/www.facebook.com\/felisasguesthouse","https:\/\/www.instagram.com\/felisas_guesthouse\/","https:\/\/www.youtube.com\/channel\/UCbjctj-HVTdUBXijh6xzJpg"]}]}},"_links":{"self":[{"href":"https:\/\/felisas-guesthouse.com\/de\/wp-json\/wp\/v2\/pages\/411","targetHints":{"allow":["GET"]}}],"collection":[{"href":"https:\/\/felisas-guesthouse.com\/de\/wp-json\/wp\/v2\/pages"}],"about":[{"href":"https:\/\/felisas-guesthouse.com\/de\/wp-json\/wp\/v2\/types\/page"}],"author":[{"embeddable":true,"href":"https:\/\/felisas-guesthouse.com\/de\/wp-json\/wp\/v2\/users\/1"}],"replies":[{"embeddable":true,"href":"https:\/\/felisas-guesthouse.com\/de\/wp-json\/wp\/v2\/comments?post=411"}],"version-history":[{"count":97,"href":"https:\/\/felisas-guesthouse.com\/de\/wp-json\/wp\/v2\/pages\/411\/revisions"}],"predecessor-version":[{"id":838,"href":"https:\/\/felisas-guesthouse.com\/de\/wp-json\/wp\/v2\/pages\/411\/revisions\/838"}],"wp:attachment":[{"href":"https:\/\/felisas-guesthouse.com\/de\/wp-json\/wp\/v2\/media?parent=411"}],"curies":[{"name":"wp","href":"https:\/\/api.w.org\/{rel}","templated":true}]}}