{"id":605,"date":"2022-11-01T15:12:57","date_gmt":"2022-11-01T07:12:57","guid":{"rendered":"https:\/\/felisas-guesthouse.com\/?page_id=605"},"modified":"2023-05-21T11:14:22","modified_gmt":"2023-05-21T03:14:22","slug":"services","status":"publish","type":"page","link":"https:\/\/felisas-guesthouse.com\/de\/services","title":{"rendered":"Weitere Angebote"},"content":{"rendered":"<p>Neben der \u00dcbernachtung helfen wir Euch gerne dabei, Euren Aufenthalt in Davao unvergesslich und wunderbar zu gestalten.<\/p>\n\n\n\n<p><strong>Unter anderem k\u00f6nnen wir Folgendes f\u00fcr dich arrangieren:<\/strong><\/p>\n\n\n\n<ul class=\"wp-block-list\">\n<li>Transfer vom Flughafen zu uns<\/li>\n<\/ul>\n\n\n\n<figure class=\"wp-block-image size-large\"><img loading=\"lazy\" decoding=\"async\" width=\"1024\" height=\"768\" src=\"https:\/\/felisas-guesthouse.com\/wp-content\/uploads\/2023\/05\/Airport-1024x768.jpg\" alt=\"\" class=\"wp-image-667\" srcset=\"https:\/\/felisas-guesthouse.com\/wp-content\/uploads\/2023\/05\/Airport-1024x768.jpg 1024w, https:\/\/felisas-guesthouse.com\/wp-content\/uploads\/2023\/05\/Airport-300x225.jpg 300w, https:\/\/felisas-guesthouse.com\/wp-content\/uploads\/2023\/05\/Airport-768x576.jpg 768w, https:\/\/felisas-guesthouse.com\/wp-content\/uploads\/2023\/05\/Airport-1536x1152.jpg 1536w, https:\/\/felisas-guesthouse.com\/wp-content\/uploads\/2023\/05\/Airport-16x12.jpg 16w, https:\/\/felisas-guesthouse.com\/wp-content\/uploads\/2023\/05\/Airport.jpg 2000w\" sizes=\"auto, (max-width: 767px) 89vw, (max-width: 1000px) 54vw, (max-width: 1071px) 543px, 580px\" \/><figcaption class=\"wp-element-caption\">Photo by <a href=\"https:\/\/commons.wikimedia.org\/wiki\/User:Scandi\">Wolfgang<\/a><a href=\"https:\/\/commons.wikimedia.org\/wiki\/User:Scandi\" rel=\"nofollow\"> <\/a><a href=\"https:\/\/commons.wikimedia.org\/wiki\/User:Scandi\">H\u00e4gele<\/a> <a href=\"https:\/\/en.wikipedia.org\/wiki\/en:Creative_Commons\" target=\"_blank\" rel=\"noreferrer noopener nofollow\">Creative Commons<\/a> liscence<\/figcaption><\/figure>\n\n\n\n<ul class=\"wp-block-list\">\n<li>Auto mieten (mit und ohne Fahrer)<\/li>\n<\/ul>\n\n\n\n<figure class=\"wp-block-image size-large\"><img loading=\"lazy\" decoding=\"async\" width=\"1024\" height=\"768\" src=\"https:\/\/felisas-guesthouse.com\/wp-content\/uploads\/2023\/05\/Van-9d14596d-d2c7-4c68-8bba-e1fa639dfe28-1024x768.jpg\" alt=\"\" class=\"wp-image-674\" srcset=\"https:\/\/felisas-guesthouse.com\/wp-content\/uploads\/2023\/05\/Van-9d14596d-d2c7-4c68-8bba-e1fa639dfe28-1024x768.jpg 1024w, https:\/\/felisas-guesthouse.com\/wp-content\/uploads\/2023\/05\/Van-9d14596d-d2c7-4c68-8bba-e1fa639dfe28-300x225.jpg 300w, https:\/\/felisas-guesthouse.com\/wp-content\/uploads\/2023\/05\/Van-9d14596d-d2c7-4c68-8bba-e1fa639dfe28-768x576.jpg 768w, https:\/\/felisas-guesthouse.com\/wp-content\/uploads\/2023\/05\/Van-9d14596d-d2c7-4c68-8bba-e1fa639dfe28-1536x1152.jpg 1536w, https:\/\/felisas-guesthouse.com\/wp-content\/uploads\/2023\/05\/Van-9d14596d-d2c7-4c68-8bba-e1fa639dfe28-16x12.jpg 16w, https:\/\/felisas-guesthouse.com\/wp-content\/uploads\/2023\/05\/Van-9d14596d-d2c7-4c68-8bba-e1fa639dfe28.jpg 2000w\" sizes=\"auto, (max-width: 767px) 89vw, (max-width: 1000px) 54vw, (max-width: 1071px) 543px, 580px\" \/><\/figure>\n\n\n\n<ul class=\"wp-block-list\">\n<li>W\u00e4sche-Service<\/li>\n<\/ul>\n\n\n\n<figure class=\"wp-block-image size-large\"><img loading=\"lazy\" decoding=\"async\" width=\"1024\" height=\"768\" src=\"https:\/\/felisas-guesthouse.com\/wp-content\/uploads\/2023\/05\/laundry-services-1024x768.png\" alt=\"\" class=\"wp-image-678\" srcset=\"https:\/\/felisas-guesthouse.com\/wp-content\/uploads\/2023\/05\/laundry-services-1024x768.png 1024w, https:\/\/felisas-guesthouse.com\/wp-content\/uploads\/2023\/05\/laundry-services-300x225.png 300w, https:\/\/felisas-guesthouse.com\/wp-content\/uploads\/2023\/05\/laundry-services-768x576.png 768w, https:\/\/felisas-guesthouse.com\/wp-content\/uploads\/2023\/05\/laundry-services-1536x1152.png 1536w, https:\/\/felisas-guesthouse.com\/wp-content\/uploads\/2023\/05\/laundry-services-16x12.png 16w, https:\/\/felisas-guesthouse.com\/wp-content\/uploads\/2023\/05\/laundry-services.png 2000w\" sizes=\"auto, (max-width: 767px) 89vw, (max-width: 1000px) 54vw, (max-width: 1071px) 543px, 580px\" \/><\/figure>\n\n\n\n<ul class=\"wp-block-list\">\n<li>Massage bei uns im G\u00e4stehaus<\/li>\n<\/ul>\n\n\n\n<figure class=\"wp-block-image size-large\"><img loading=\"lazy\" decoding=\"async\" width=\"1024\" height=\"768\" src=\"https:\/\/felisas-guesthouse.com\/wp-content\/uploads\/2023\/05\/Massage-IMG_4859-1024x768.jpg\" alt=\"\" class=\"wp-image-673\" srcset=\"https:\/\/felisas-guesthouse.com\/wp-content\/uploads\/2023\/05\/Massage-IMG_4859-1024x768.jpg 1024w, https:\/\/felisas-guesthouse.com\/wp-content\/uploads\/2023\/05\/Massage-IMG_4859-300x225.jpg 300w, https:\/\/felisas-guesthouse.com\/wp-content\/uploads\/2023\/05\/Massage-IMG_4859-768x576.jpg 768w, https:\/\/felisas-guesthouse.com\/wp-content\/uploads\/2023\/05\/Massage-IMG_4859-1536x1152.jpg 1536w, https:\/\/felisas-guesthouse.com\/wp-content\/uploads\/2023\/05\/Massage-IMG_4859-16x12.jpg 16w, https:\/\/felisas-guesthouse.com\/wp-content\/uploads\/2023\/05\/Massage-IMG_4859.jpg 2000w\" sizes=\"auto, (max-width: 767px) 89vw, (max-width: 1000px) 54vw, (max-width: 1071px) 543px, 580px\" \/><\/figure>\n\n\n\n<ul class=\"wp-block-list\">\n<li>Catering, Essen, Snacks und Getr\u00e4nke f\u00fcr Deinen Aufenthalt. Z.B. Abendessen am Tag Eurer Ankunft, Fr\u00fchst\u00fcck oder ein spezieller Grillabend am Pool.<\/li>\n<\/ul>\n\n\n\n<figure class=\"wp-block-image size-large\"><img loading=\"lazy\" decoding=\"async\" width=\"1024\" height=\"768\" src=\"https:\/\/felisas-guesthouse.com\/wp-content\/uploads\/2023\/05\/maxresdefault-1024x768.jpg\" alt=\"\" class=\"wp-image-685\" srcset=\"https:\/\/felisas-guesthouse.com\/wp-content\/uploads\/2023\/05\/maxresdefault-1024x768.jpg 1024w, https:\/\/felisas-guesthouse.com\/wp-content\/uploads\/2023\/05\/maxresdefault-300x225.jpg 300w, https:\/\/felisas-guesthouse.com\/wp-content\/uploads\/2023\/05\/maxresdefault-768x576.jpg 768w, https:\/\/felisas-guesthouse.com\/wp-content\/uploads\/2023\/05\/maxresdefault-1536x1152.jpg 1536w, https:\/\/felisas-guesthouse.com\/wp-content\/uploads\/2023\/05\/maxresdefault-16x12.jpg 16w, https:\/\/felisas-guesthouse.com\/wp-content\/uploads\/2023\/05\/maxresdefault.jpg 2000w\" sizes=\"auto, (max-width: 767px) 89vw, (max-width: 1000px) 54vw, (max-width: 1071px) 543px, 580px\" \/><\/figure>\n\n\n\n<ul class=\"wp-block-list\">\n<li>Touren zu Zielen in der Region. Z.B. in den Bergen, St\u00e4nde, Durian-Farm und andere Ziele. Gerne mit deutschsprachiger Reisebegleitung.<\/li>\n<\/ul>\n\n\n\n<figure class=\"wp-block-image size-large\"><img loading=\"lazy\" decoding=\"async\" width=\"1024\" height=\"769\" src=\"https:\/\/felisas-guesthouse.com\/wp-content\/uploads\/2023\/05\/Buda-P1020593_2-1024x769.jpg\" alt=\"\" class=\"wp-image-682\" srcset=\"https:\/\/felisas-guesthouse.com\/wp-content\/uploads\/2023\/05\/Buda-P1020593_2-1024x769.jpg 1024w, https:\/\/felisas-guesthouse.com\/wp-content\/uploads\/2023\/05\/Buda-P1020593_2-300x225.jpg 300w, https:\/\/felisas-guesthouse.com\/wp-content\/uploads\/2023\/05\/Buda-P1020593_2-768x577.jpg 768w, https:\/\/felisas-guesthouse.com\/wp-content\/uploads\/2023\/05\/Buda-P1020593_2-1536x1153.jpg 1536w, https:\/\/felisas-guesthouse.com\/wp-content\/uploads\/2023\/05\/Buda-P1020593_2-2048x1538.jpg 2048w, https:\/\/felisas-guesthouse.com\/wp-content\/uploads\/2023\/05\/Buda-P1020593_2-16x12.jpg 16w\" sizes=\"auto, (max-width: 767px) 89vw, (max-width: 1000px) 54vw, (max-width: 1071px) 543px, 580px\" \/><\/figure>\n\n\n\n<ul class=\"wp-block-list\">\n<li>Insel-Hopping oder spezielle Touren zur Insel Samal oder Talikud<\/li>\n<\/ul>\n\n\n\n<figure class=\"wp-block-image size-large\"><img loading=\"lazy\" decoding=\"async\" width=\"1024\" height=\"768\" src=\"https:\/\/felisas-guesthouse.com\/wp-content\/uploads\/2023\/05\/Island-Hoping-P1010764-1024x768.jpg\" alt=\"\" class=\"wp-image-672\" srcset=\"https:\/\/felisas-guesthouse.com\/wp-content\/uploads\/2023\/05\/Island-Hoping-P1010764-1024x768.jpg 1024w, https:\/\/felisas-guesthouse.com\/wp-content\/uploads\/2023\/05\/Island-Hoping-P1010764-300x225.jpg 300w, https:\/\/felisas-guesthouse.com\/wp-content\/uploads\/2023\/05\/Island-Hoping-P1010764-768x576.jpg 768w, https:\/\/felisas-guesthouse.com\/wp-content\/uploads\/2023\/05\/Island-Hoping-P1010764-1536x1152.jpg 1536w, https:\/\/felisas-guesthouse.com\/wp-content\/uploads\/2023\/05\/Island-Hoping-P1010764-16x12.jpg 16w, https:\/\/felisas-guesthouse.com\/wp-content\/uploads\/2023\/05\/Island-Hoping-P1010764.jpg 2000w\" sizes=\"auto, (max-width: 767px) 89vw, (max-width: 1000px) 54vw, (max-width: 1071px) 543px, 580px\" \/><\/figure>\n\n\n\n<p>Bitte\u00a0<a href=\"https:\/\/felisas-guesthouse.com\/de\/kontaktiere\/\">kontaktiere<\/a> uns f\u00fcr mehr Details oder bei Fragen und W\u00fcnschen.<\/p>\n\n\n\n<p><\/p>","protected":false},"excerpt":{"rendered":"<p>Besides the overnight stay we will be happy to help you to make your stay in Davao memorable and wonderful. Among others we can arrange the following for you: Please\u00a0contact &hellip; <\/p>\n<p class=\"link-more\"><a href=\"https:\/\/felisas-guesthouse.com\/de\/services\" class=\"more-link\"><span class=\"screen-reader-text\">\u201eAdditional services\u201c <\/span>weiterlesen<\/a><\/p>","protected":false},"author":1,"featured_media":0,"parent":0,"menu_order":0,"comment_status":"closed","ping_status":"closed","template":"","meta":{"_monsterinsights_skip_tracking":false,"_monsterinsights_sitenote_active":false,"_monsterinsights_sitenote_note":"","_monsterinsights_sitenote_category":0,"ngg_post_thumbnail":0,"footnotes":""},"class_list":["post-605","page","type-page","status-publish","hentry"],"yoast_head":"<!-- This site is optimized with the Yoast SEO plugin v27.5 - https:\/\/yoast.com\/product\/yoast-seo-wordpress\/ -->\n<title>Additional services - Felisa&#039;s Guesthouse<\/title>\n<meta name=\"robots\" content=\"index, follow, max-snippet:-1, max-image-preview:large, max-video-preview:-1\" \/>\n<link rel=\"canonical\" href=\"https:\/\/felisas-guesthouse.com\/de\/services\" \/>\n<meta property=\"og:locale\" content=\"de_DE\" \/>\n<meta property=\"og:type\" content=\"article\" \/>\n<meta property=\"og:title\" content=\"Additional services - Felisa&#039;s Guesthouse\" \/>\n<meta property=\"og:description\" content=\"Besides the overnight stay we will be happy to help you to make your stay in Davao memorable and wonderful. Among others we can arrange the following for you: Please\u00a0contact &hellip; \u201eAdditional services\u201c weiterlesen\" \/>\n<meta property=\"og:url\" content=\"https:\/\/felisas-guesthouse.com\/de\/services\" \/>\n<meta property=\"og:site_name\" content=\"Felisa&#039;s Guesthouse\" \/>\n<meta property=\"article:publisher\" content=\"https:\/\/www.facebook.com\/felisasguesthouse\" \/>\n<meta property=\"article:modified_time\" content=\"2023-05-21T03:14:22+00:00\" \/>\n<meta property=\"og:image\" content=\"https:\/\/felisas-guesthouse.com\/wp-content\/uploads\/2023\/05\/Airport-1024x768.jpg\" \/>\n<meta name=\"twitter:card\" content=\"summary_large_image\" \/>\n<meta name=\"twitter:label1\" content=\"Gesch\u00e4tzte Lesezeit\" \/>\n\t<meta name=\"twitter:data1\" content=\"2\u00a0Minuten\" \/>\n<script type=\"application\/ld+json\" class=\"yoast-schema-graph\">{\"@context\":\"https:\\\/\\\/schema.org\",\"@graph\":[{\"@type\":\"WebPage\",\"@id\":\"https:\\\/\\\/felisas-guesthouse.com\\\/services\",\"url\":\"https:\\\/\\\/felisas-guesthouse.com\\\/services\",\"name\":\"Additional services - Felisa&#039;s Guesthouse\",\"isPartOf\":{\"@id\":\"https:\\\/\\\/felisas-guesthouse.com\\\/#website\"},\"primaryImageOfPage\":{\"@id\":\"https:\\\/\\\/felisas-guesthouse.com\\\/services#primaryimage\"},\"image\":{\"@id\":\"https:\\\/\\\/felisas-guesthouse.com\\\/services#primaryimage\"},\"thumbnailUrl\":\"https:\\\/\\\/felisas-guesthouse.com\\\/wp-content\\\/uploads\\\/2023\\\/05\\\/Airport-1024x768.jpg\",\"datePublished\":\"2022-11-01T07:12:57+00:00\",\"dateModified\":\"2023-05-21T03:14:22+00:00\",\"breadcrumb\":{\"@id\":\"https:\\\/\\\/felisas-guesthouse.com\\\/services#breadcrumb\"},\"inLanguage\":\"de\",\"potentialAction\":[{\"@type\":\"ReadAction\",\"target\":[\"https:\\\/\\\/felisas-guesthouse.com\\\/services\"]}]},{\"@type\":\"ImageObject\",\"inLanguage\":\"de\",\"@id\":\"https:\\\/\\\/felisas-guesthouse.com\\\/services#primaryimage\",\"url\":\"https:\\\/\\\/felisas-guesthouse.com\\\/wp-content\\\/uploads\\\/2023\\\/05\\\/Airport-1024x768.jpg\",\"contentUrl\":\"https:\\\/\\\/felisas-guesthouse.com\\\/wp-content\\\/uploads\\\/2023\\\/05\\\/Airport-1024x768.jpg\"},{\"@type\":\"BreadcrumbList\",\"@id\":\"https:\\\/\\\/felisas-guesthouse.com\\\/services#breadcrumb\",\"itemListElement\":[{\"@type\":\"ListItem\",\"position\":1,\"name\":\"Home\",\"item\":\"https:\\\/\\\/felisas-guesthouse.com\\\/\"},{\"@type\":\"ListItem\",\"position\":2,\"name\":\"Additional services\"}]},{\"@type\":\"WebSite\",\"@id\":\"https:\\\/\\\/felisas-guesthouse.com\\\/#website\",\"url\":\"https:\\\/\\\/felisas-guesthouse.com\\\/\",\"name\":\"Felisa's Guesthouse\",\"description\":\"Enjoy, relax and have fun in Davao City\",\"publisher\":{\"@id\":\"https:\\\/\\\/felisas-guesthouse.com\\\/#organization\"},\"potentialAction\":[{\"@type\":\"SearchAction\",\"target\":{\"@type\":\"EntryPoint\",\"urlTemplate\":\"https:\\\/\\\/felisas-guesthouse.com\\\/?s={search_term_string}\"},\"query-input\":{\"@type\":\"PropertyValueSpecification\",\"valueRequired\":true,\"valueName\":\"search_term_string\"}}],\"inLanguage\":\"de\"},{\"@type\":\"Organization\",\"@id\":\"https:\\\/\\\/felisas-guesthouse.com\\\/#organization\",\"name\":\"Felisa's Guesthouse\",\"url\":\"https:\\\/\\\/felisas-guesthouse.com\\\/\",\"logo\":{\"@type\":\"ImageObject\",\"inLanguage\":\"de\",\"@id\":\"https:\\\/\\\/felisas-guesthouse.com\\\/#\\\/schema\\\/logo\\\/image\\\/\",\"url\":\"https:\\\/\\\/felisas-guesthouse.com\\\/wp-content\\\/uploads\\\/2018\\\/11\\\/logo-felisa-guesthouse.png\",\"contentUrl\":\"https:\\\/\\\/felisas-guesthouse.com\\\/wp-content\\\/uploads\\\/2018\\\/11\\\/logo-felisa-guesthouse.png\",\"width\":780,\"height\":780,\"caption\":\"Felisa's Guesthouse\"},\"image\":{\"@id\":\"https:\\\/\\\/felisas-guesthouse.com\\\/#\\\/schema\\\/logo\\\/image\\\/\"},\"sameAs\":[\"https:\\\/\\\/www.facebook.com\\\/felisasguesthouse\",\"https:\\\/\\\/www.instagram.com\\\/felisas_guesthouse\\\/\",\"https:\\\/\\\/www.youtube.com\\\/channel\\\/UCbjctj-HVTdUBXijh6xzJpg\"]}]}<\/script>\n<!-- \/ Yoast SEO plugin. -->","yoast_head_json":{"title":"Additional services - Felisa&#039;s Guesthouse","robots":{"index":"index","follow":"follow","max-snippet":"max-snippet:-1","max-image-preview":"max-image-preview:large","max-video-preview":"max-video-preview:-1"},"canonical":"https:\/\/felisas-guesthouse.com\/de\/services","og_locale":"de_DE","og_type":"article","og_title":"Additional services - Felisa&#039;s Guesthouse","og_description":"Besides the overnight stay we will be happy to help you to make your stay in Davao memorable and wonderful. Among others we can arrange the following for you: Please\u00a0contact &hellip; \u201eAdditional services\u201c weiterlesen","og_url":"https:\/\/felisas-guesthouse.com\/de\/services","og_site_name":"Felisa&#039;s Guesthouse","article_publisher":"https:\/\/www.facebook.com\/felisasguesthouse","article_modified_time":"2023-05-21T03:14:22+00:00","og_image":[{"url":"https:\/\/felisas-guesthouse.com\/wp-content\/uploads\/2023\/05\/Airport-1024x768.jpg","type":"","width":"","height":""}],"twitter_card":"summary_large_image","twitter_misc":{"Gesch\u00e4tzte Lesezeit":"2\u00a0Minuten"},"schema":{"@context":"https:\/\/schema.org","@graph":[{"@type":"WebPage","@id":"https:\/\/felisas-guesthouse.com\/services","url":"https:\/\/felisas-guesthouse.com\/services","name":"Additional services - Felisa&#039;s Guesthouse","isPartOf":{"@id":"https:\/\/felisas-guesthouse.com\/#website"},"primaryImageOfPage":{"@id":"https:\/\/felisas-guesthouse.com\/services#primaryimage"},"image":{"@id":"https:\/\/felisas-guesthouse.com\/services#primaryimage"},"thumbnailUrl":"https:\/\/felisas-guesthouse.com\/wp-content\/uploads\/2023\/05\/Airport-1024x768.jpg","datePublished":"2022-11-01T07:12:57+00:00","dateModified":"2023-05-21T03:14:22+00:00","breadcrumb":{"@id":"https:\/\/felisas-guesthouse.com\/services#breadcrumb"},"inLanguage":"de","potentialAction":[{"@type":"ReadAction","target":["https:\/\/felisas-guesthouse.com\/services"]}]},{"@type":"ImageObject","inLanguage":"de","@id":"https:\/\/felisas-guesthouse.com\/services#primaryimage","url":"https:\/\/felisas-guesthouse.com\/wp-content\/uploads\/2023\/05\/Airport-1024x768.jpg","contentUrl":"https:\/\/felisas-guesthouse.com\/wp-content\/uploads\/2023\/05\/Airport-1024x768.jpg"},{"@type":"BreadcrumbList","@id":"https:\/\/felisas-guesthouse.com\/services#breadcrumb","itemListElement":[{"@type":"ListItem","position":1,"name":"Home","item":"https:\/\/felisas-guesthouse.com\/"},{"@type":"ListItem","position":2,"name":"Additional services"}]},{"@type":"WebSite","@id":"https:\/\/felisas-guesthouse.com\/#website","url":"https:\/\/felisas-guesthouse.com\/","name":"Felisa's Guesthouse","description":"Enjoy, relax and have fun in Davao City","publisher":{"@id":"https:\/\/felisas-guesthouse.com\/#organization"},"potentialAction":[{"@type":"SearchAction","target":{"@type":"EntryPoint","urlTemplate":"https:\/\/felisas-guesthouse.com\/?s={search_term_string}"},"query-input":{"@type":"PropertyValueSpecification","valueRequired":true,"valueName":"search_term_string"}}],"inLanguage":"de"},{"@type":"Organization","@id":"https:\/\/felisas-guesthouse.com\/#organization","name":"Felisa's Guesthouse","url":"https:\/\/felisas-guesthouse.com\/","logo":{"@type":"ImageObject","inLanguage":"de","@id":"https:\/\/felisas-guesthouse.com\/#\/schema\/logo\/image\/","url":"https:\/\/felisas-guesthouse.com\/wp-content\/uploads\/2018\/11\/logo-felisa-guesthouse.png","contentUrl":"https:\/\/felisas-guesthouse.com\/wp-content\/uploads\/2018\/11\/logo-felisa-guesthouse.png","width":780,"height":780,"caption":"Felisa's Guesthouse"},"image":{"@id":"https:\/\/felisas-guesthouse.com\/#\/schema\/logo\/image\/"},"sameAs":["https:\/\/www.facebook.com\/felisasguesthouse","https:\/\/www.instagram.com\/felisas_guesthouse\/","https:\/\/www.youtube.com\/channel\/UCbjctj-HVTdUBXijh6xzJpg"]}]}},"_links":{"self":[{"href":"https:\/\/felisas-guesthouse.com\/de\/wp-json\/wp\/v2\/pages\/605","targetHints":{"allow":["GET"]}}],"collection":[{"href":"https:\/\/felisas-guesthouse.com\/de\/wp-json\/wp\/v2\/pages"}],"about":[{"href":"https:\/\/felisas-guesthouse.com\/de\/wp-json\/wp\/v2\/types\/page"}],"author":[{"embeddable":true,"href":"https:\/\/felisas-guesthouse.com\/de\/wp-json\/wp\/v2\/users\/1"}],"replies":[{"embeddable":true,"href":"https:\/\/felisas-guesthouse.com\/de\/wp-json\/wp\/v2\/comments?post=605"}],"version-history":[{"count":10,"href":"https:\/\/felisas-guesthouse.com\/de\/wp-json\/wp\/v2\/pages\/605\/revisions"}],"predecessor-version":[{"id":688,"href":"https:\/\/felisas-guesthouse.com\/de\/wp-json\/wp\/v2\/pages\/605\/revisions\/688"}],"wp:attachment":[{"href":"https:\/\/felisas-guesthouse.com\/de\/wp-json\/wp\/v2\/media?parent=605"}],"curies":[{"name":"wp","href":"https:\/\/api.w.org\/{rel}","templated":true}]}}