{"id":9,"date":"2018-11-13T16:21:52","date_gmt":"2018-11-13T16:21:52","guid":{"rendered":"https:\/\/felisasguesthouse.live-website.com\/?page_id=9"},"modified":"2023-05-21T10:11:58","modified_gmt":"2023-05-21T02:11:58","slug":"welcome","status":"publish","type":"page","link":"https:\/\/felisas-guesthouse.com\/de\/","title":{"rendered":"Herzlich willkommen"},"content":{"rendered":"<h3 class=\"wp-block-heading\">Felisas G\u00e4stehaus - Geniesse, entspanne und hab Spass in Davao City<\/h3>\n\n\n<p>Herzlich Willkommen in Felisas G\u00e4stehaus. Geniesse die Sch\u00f6nheit Davao Citys in unserem modernen G\u00e4stehaus mit neu renoviertem privaten Swimming Pool<\/p>\n<p>Wir vermieten zwei H\u00e4user:<\/p>\n<p>&gt; <a href=\"https:\/\/felisas-guesthouse.com\/de\/our-guesthouse\/\"><a href=\"https:\/\/felisas-guesthouse.com\/de\/our-guesthousehouse\/\" target=\"_self\">Unser G\u00e4stehaus<\/a> mit 2 Schlafzimmern und Platz f\u00fcr bis zu 7 G\u00e4sten.<\/a> &nbsp;<\/p>\n<p class=\"translation-block\">&gt; <a href=\"https:\/\/felisas-guesthouse.com\/de\/our-gardenhouse\/\" target=\"_self\">Unser neues Gartenhaus<\/a> mit 2 Schlafzimmern und Platz f\u00fcr bis zu 5 G\u00e4sten.<\/p>\n<p>Du kannst beide H\u00e4user zusammen mieten, oder nur eines der beiden H\u00e4user.<\/p>\n<p><strong>\u00dcber uns<\/strong><\/p>\n<p><span class=\"_fgdupie\">Wir sind Tom (aus Deutschland) und Rose (aus Davao City)&nbsp;&nbsp;<\/span><\/p>\n<p>Wir betreuen die H\u00e4user gemeinsam mit unserer Familie. Wir wohnen alle auf dem gleichen Grundst\u00fcck und sind verf\u00fcgbar wenn Ihr was braucht.<\/p>\n<figure id=\"attachment_352\" aria-describedby=\"caption-attachment-352\" style=\"width: 525px\" class=\"wp-caption aligncenter\"><img loading=\"lazy\" decoding=\"async\" class=\"wp-image-352 size-large\" src=\"https:\/\/felisas-guesthouse.com\/wp-content\/uploads\/2019\/09\/Felisas-Guesthouse-Team_IMG_6579-1024x1024.jpg\" alt=\"Our Team @ Felisa'S Guesthouse\" width=\"525\" height=\"525\" srcset=\"https:\/\/felisas-guesthouse.com\/wp-content\/uploads\/2019\/09\/Felisas-Guesthouse-Team_IMG_6579-1024x1024.jpg 1024w, https:\/\/felisas-guesthouse.com\/wp-content\/uploads\/2019\/09\/Felisas-Guesthouse-Team_IMG_6579-150x150.jpg 150w, https:\/\/felisas-guesthouse.com\/wp-content\/uploads\/2019\/09\/Felisas-Guesthouse-Team_IMG_6579-300x300.jpg 300w, https:\/\/felisas-guesthouse.com\/wp-content\/uploads\/2019\/09\/Felisas-Guesthouse-Team_IMG_6579-768x768.jpg 768w, https:\/\/felisas-guesthouse.com\/wp-content\/uploads\/2019\/09\/Felisas-Guesthouse-Team_IMG_6579-100x100.jpg 100w\" sizes=\"auto, (max-width: 525px) 100vw, 525px\" \/><figcaption id=\"caption-attachment-352\" class=\"wp-caption-text\">Tom, Maria-Lourdes (Lot-Lot), Rose, Mommy Felisa, Maning<\/figcaption><\/figure>\n<h4><a href=\"\/de\/kontaktiere\/\">Falls Du Fragen hast, schick uns gerne eine Nachricht.<\/a><\/h4>","protected":false},"excerpt":{"rendered":"<p>Felisa&#8217;s Guesthouse &#8211; Enjoy, relax and have fun in Davao City Welcome to Felisa&#8217;s Guesthouse. Enjoy the beauty of Davao City in our beautiful guesthouse with our newly renovated private &hellip; <\/p>\n<p class=\"link-more\"><a href=\"https:\/\/felisas-guesthouse.com\/de\/\" class=\"more-link\"><span class=\"screen-reader-text\">\u201eWelcome\u201c <\/span>weiterlesen<\/a><\/p>","protected":false},"author":1,"featured_media":0,"parent":0,"menu_order":0,"comment_status":"closed","ping_status":"closed","template":"","meta":{"_monsterinsights_skip_tracking":false,"_monsterinsights_sitenote_active":false,"_monsterinsights_sitenote_note":"","_monsterinsights_sitenote_category":0,"ngg_post_thumbnail":0,"footnotes":""},"class_list":["post-9","page","type-page","status-publish","hentry"],"yoast_head":"<!-- This site is optimized with the Yoast SEO plugin v27.5 - https:\/\/yoast.com\/product\/yoast-seo-wordpress\/ -->\n<title>Welcome - Felisa&#039;s Guesthouse<\/title>\n<meta name=\"description\" content=\"Felisa&#039;s Guesthouse in Davao with private swimming pool. A wonderful place for your holiday in the Philippines. Enjoy, relax and have fun in Davao City.\" \/>\n<meta name=\"robots\" content=\"index, follow, max-snippet:-1, max-image-preview:large, max-video-preview:-1\" \/>\n<link rel=\"canonical\" href=\"https:\/\/felisas-guesthouse.com\/de\/\" \/>\n<meta property=\"og:locale\" content=\"de_DE\" \/>\n<meta property=\"og:type\" content=\"article\" \/>\n<meta property=\"og:title\" content=\"Welcome - Felisa&#039;s Guesthouse\" \/>\n<meta property=\"og:description\" content=\"Felisa&#039;s Guesthouse in Davao with private swimming pool. A wonderful place for your holiday in the Philippines. Enjoy, relax and have fun in Davao City.\" \/>\n<meta property=\"og:url\" content=\"https:\/\/felisas-guesthouse.com\/de\/\" \/>\n<meta property=\"og:site_name\" content=\"Felisa&#039;s Guesthouse\" \/>\n<meta property=\"article:publisher\" content=\"https:\/\/www.facebook.com\/felisasguesthouse\" \/>\n<meta property=\"article:modified_time\" content=\"2023-05-21T02:11:58+00:00\" \/>\n<meta property=\"og:image\" content=\"https:\/\/felisas-guesthouse.com\/wp-content\/uploads\/2019\/09\/Felisas-Guesthouse-Team_IMG_6579-1024x1024.jpg\" \/>\n<meta name=\"twitter:card\" content=\"summary_large_image\" \/>\n<meta name=\"twitter:label1\" content=\"Gesch\u00e4tzte Lesezeit\" \/>\n\t<meta name=\"twitter:data1\" content=\"1\u00a0Minute\" \/>\n<script type=\"application\/ld+json\" class=\"yoast-schema-graph\">{\"@context\":\"https:\\\/\\\/schema.org\",\"@graph\":[{\"@type\":\"WebPage\",\"@id\":\"https:\\\/\\\/felisas-guesthouse.com\\\/\",\"url\":\"https:\\\/\\\/felisas-guesthouse.com\\\/\",\"name\":\"Welcome - Felisa&#039;s Guesthouse\",\"isPartOf\":{\"@id\":\"https:\\\/\\\/felisas-guesthouse.com\\\/#website\"},\"primaryImageOfPage\":{\"@id\":\"https:\\\/\\\/felisas-guesthouse.com\\\/#primaryimage\"},\"image\":{\"@id\":\"https:\\\/\\\/felisas-guesthouse.com\\\/#primaryimage\"},\"thumbnailUrl\":\"https:\\\/\\\/felisas-guesthouse.com\\\/wp-content\\\/uploads\\\/2019\\\/09\\\/Felisas-Guesthouse-Team_IMG_6579-1024x1024.jpg\",\"datePublished\":\"2018-11-13T16:21:52+00:00\",\"dateModified\":\"2023-05-21T02:11:58+00:00\",\"description\":\"Felisa's Guesthouse in Davao with private swimming pool. A wonderful place for your holiday in the Philippines. Enjoy, relax and have fun in Davao City.\",\"breadcrumb\":{\"@id\":\"https:\\\/\\\/felisas-guesthouse.com\\\/#breadcrumb\"},\"inLanguage\":\"de\",\"potentialAction\":[{\"@type\":\"ReadAction\",\"target\":[\"https:\\\/\\\/felisas-guesthouse.com\\\/\"]}]},{\"@type\":\"ImageObject\",\"inLanguage\":\"de\",\"@id\":\"https:\\\/\\\/felisas-guesthouse.com\\\/#primaryimage\",\"url\":\"https:\\\/\\\/felisas-guesthouse.com\\\/wp-content\\\/uploads\\\/2019\\\/09\\\/Felisas-Guesthouse-Team_IMG_6579-1024x1024.jpg\",\"contentUrl\":\"https:\\\/\\\/felisas-guesthouse.com\\\/wp-content\\\/uploads\\\/2019\\\/09\\\/Felisas-Guesthouse-Team_IMG_6579-1024x1024.jpg\"},{\"@type\":\"BreadcrumbList\",\"@id\":\"https:\\\/\\\/felisas-guesthouse.com\\\/#breadcrumb\",\"itemListElement\":[{\"@type\":\"ListItem\",\"position\":1,\"name\":\"Home\",\"item\":\"https:\\\/\\\/felisas-guesthouse.com\\\/\"},{\"@type\":\"ListItem\",\"position\":2,\"name\":\"Welcome\"}]},{\"@type\":\"WebSite\",\"@id\":\"https:\\\/\\\/felisas-guesthouse.com\\\/#website\",\"url\":\"https:\\\/\\\/felisas-guesthouse.com\\\/\",\"name\":\"Felisa's Guesthouse\",\"description\":\"Enjoy, relax and have fun in Davao City\",\"publisher\":{\"@id\":\"https:\\\/\\\/felisas-guesthouse.com\\\/#organization\"},\"potentialAction\":[{\"@type\":\"SearchAction\",\"target\":{\"@type\":\"EntryPoint\",\"urlTemplate\":\"https:\\\/\\\/felisas-guesthouse.com\\\/?s={search_term_string}\"},\"query-input\":{\"@type\":\"PropertyValueSpecification\",\"valueRequired\":true,\"valueName\":\"search_term_string\"}}],\"inLanguage\":\"de\"},{\"@type\":\"Organization\",\"@id\":\"https:\\\/\\\/felisas-guesthouse.com\\\/#organization\",\"name\":\"Felisa's Guesthouse\",\"url\":\"https:\\\/\\\/felisas-guesthouse.com\\\/\",\"logo\":{\"@type\":\"ImageObject\",\"inLanguage\":\"de\",\"@id\":\"https:\\\/\\\/felisas-guesthouse.com\\\/#\\\/schema\\\/logo\\\/image\\\/\",\"url\":\"https:\\\/\\\/felisas-guesthouse.com\\\/wp-content\\\/uploads\\\/2018\\\/11\\\/logo-felisa-guesthouse.png\",\"contentUrl\":\"https:\\\/\\\/felisas-guesthouse.com\\\/wp-content\\\/uploads\\\/2018\\\/11\\\/logo-felisa-guesthouse.png\",\"width\":780,\"height\":780,\"caption\":\"Felisa's Guesthouse\"},\"image\":{\"@id\":\"https:\\\/\\\/felisas-guesthouse.com\\\/#\\\/schema\\\/logo\\\/image\\\/\"},\"sameAs\":[\"https:\\\/\\\/www.facebook.com\\\/felisasguesthouse\",\"https:\\\/\\\/www.instagram.com\\\/felisas_guesthouse\\\/\",\"https:\\\/\\\/www.youtube.com\\\/channel\\\/UCbjctj-HVTdUBXijh6xzJpg\"]}]}<\/script>\n<!-- \/ Yoast SEO plugin. -->","yoast_head_json":{"title":"Welcome - Felisa&#039;s Guesthouse","description":"Felisa's Guesthouse in Davao with private swimming pool. A wonderful place for your holiday in the Philippines. Enjoy, relax and have fun in Davao City.","robots":{"index":"index","follow":"follow","max-snippet":"max-snippet:-1","max-image-preview":"max-image-preview:large","max-video-preview":"max-video-preview:-1"},"canonical":"https:\/\/felisas-guesthouse.com\/de\/","og_locale":"de_DE","og_type":"article","og_title":"Welcome - Felisa&#039;s Guesthouse","og_description":"Felisa's Guesthouse in Davao with private swimming pool. A wonderful place for your holiday in the Philippines. Enjoy, relax and have fun in Davao City.","og_url":"https:\/\/felisas-guesthouse.com\/de\/","og_site_name":"Felisa&#039;s Guesthouse","article_publisher":"https:\/\/www.facebook.com\/felisasguesthouse","article_modified_time":"2023-05-21T02:11:58+00:00","og_image":[{"url":"https:\/\/felisas-guesthouse.com\/wp-content\/uploads\/2019\/09\/Felisas-Guesthouse-Team_IMG_6579-1024x1024.jpg","type":"","width":"","height":""}],"twitter_card":"summary_large_image","twitter_misc":{"Gesch\u00e4tzte Lesezeit":"1\u00a0Minute"},"schema":{"@context":"https:\/\/schema.org","@graph":[{"@type":"WebPage","@id":"https:\/\/felisas-guesthouse.com\/","url":"https:\/\/felisas-guesthouse.com\/","name":"Welcome - Felisa&#039;s Guesthouse","isPartOf":{"@id":"https:\/\/felisas-guesthouse.com\/#website"},"primaryImageOfPage":{"@id":"https:\/\/felisas-guesthouse.com\/#primaryimage"},"image":{"@id":"https:\/\/felisas-guesthouse.com\/#primaryimage"},"thumbnailUrl":"https:\/\/felisas-guesthouse.com\/wp-content\/uploads\/2019\/09\/Felisas-Guesthouse-Team_IMG_6579-1024x1024.jpg","datePublished":"2018-11-13T16:21:52+00:00","dateModified":"2023-05-21T02:11:58+00:00","description":"Felisa's Guesthouse in Davao with private swimming pool. A wonderful place for your holiday in the Philippines. Enjoy, relax and have fun in Davao City.","breadcrumb":{"@id":"https:\/\/felisas-guesthouse.com\/#breadcrumb"},"inLanguage":"de","potentialAction":[{"@type":"ReadAction","target":["https:\/\/felisas-guesthouse.com\/"]}]},{"@type":"ImageObject","inLanguage":"de","@id":"https:\/\/felisas-guesthouse.com\/#primaryimage","url":"https:\/\/felisas-guesthouse.com\/wp-content\/uploads\/2019\/09\/Felisas-Guesthouse-Team_IMG_6579-1024x1024.jpg","contentUrl":"https:\/\/felisas-guesthouse.com\/wp-content\/uploads\/2019\/09\/Felisas-Guesthouse-Team_IMG_6579-1024x1024.jpg"},{"@type":"BreadcrumbList","@id":"https:\/\/felisas-guesthouse.com\/#breadcrumb","itemListElement":[{"@type":"ListItem","position":1,"name":"Home","item":"https:\/\/felisas-guesthouse.com\/"},{"@type":"ListItem","position":2,"name":"Welcome"}]},{"@type":"WebSite","@id":"https:\/\/felisas-guesthouse.com\/#website","url":"https:\/\/felisas-guesthouse.com\/","name":"Felisa's Guesthouse","description":"Enjoy, relax and have fun in Davao City","publisher":{"@id":"https:\/\/felisas-guesthouse.com\/#organization"},"potentialAction":[{"@type":"SearchAction","target":{"@type":"EntryPoint","urlTemplate":"https:\/\/felisas-guesthouse.com\/?s={search_term_string}"},"query-input":{"@type":"PropertyValueSpecification","valueRequired":true,"valueName":"search_term_string"}}],"inLanguage":"de"},{"@type":"Organization","@id":"https:\/\/felisas-guesthouse.com\/#organization","name":"Felisa's Guesthouse","url":"https:\/\/felisas-guesthouse.com\/","logo":{"@type":"ImageObject","inLanguage":"de","@id":"https:\/\/felisas-guesthouse.com\/#\/schema\/logo\/image\/","url":"https:\/\/felisas-guesthouse.com\/wp-content\/uploads\/2018\/11\/logo-felisa-guesthouse.png","contentUrl":"https:\/\/felisas-guesthouse.com\/wp-content\/uploads\/2018\/11\/logo-felisa-guesthouse.png","width":780,"height":780,"caption":"Felisa's Guesthouse"},"image":{"@id":"https:\/\/felisas-guesthouse.com\/#\/schema\/logo\/image\/"},"sameAs":["https:\/\/www.facebook.com\/felisasguesthouse","https:\/\/www.instagram.com\/felisas_guesthouse\/","https:\/\/www.youtube.com\/channel\/UCbjctj-HVTdUBXijh6xzJpg"]}]}},"_links":{"self":[{"href":"https:\/\/felisas-guesthouse.com\/de\/wp-json\/wp\/v2\/pages\/9","targetHints":{"allow":["GET"]}}],"collection":[{"href":"https:\/\/felisas-guesthouse.com\/de\/wp-json\/wp\/v2\/pages"}],"about":[{"href":"https:\/\/felisas-guesthouse.com\/de\/wp-json\/wp\/v2\/types\/page"}],"author":[{"embeddable":true,"href":"https:\/\/felisas-guesthouse.com\/de\/wp-json\/wp\/v2\/users\/1"}],"replies":[{"embeddable":true,"href":"https:\/\/felisas-guesthouse.com\/de\/wp-json\/wp\/v2\/comments?post=9"}],"version-history":[{"count":29,"href":"https:\/\/felisas-guesthouse.com\/de\/wp-json\/wp\/v2\/pages\/9\/revisions"}],"predecessor-version":[{"id":663,"href":"https:\/\/felisas-guesthouse.com\/de\/wp-json\/wp\/v2\/pages\/9\/revisions\/663"}],"wp:attachment":[{"href":"https:\/\/felisas-guesthouse.com\/de\/wp-json\/wp\/v2\/media?parent=9"}],"curies":[{"name":"wp","href":"https:\/\/api.w.org\/{rel}","templated":true}]}}